{"id":28,"date":"2023-07-17T18:51:16","date_gmt":"2023-07-17T18:51:16","guid":{"rendered":"https:\/\/caledenataliavilaplana.com\/?post_type=product&#038;p=28"},"modified":"2024-04-25T12:01:33","modified_gmt":"2024-04-25T12:01:33","slug":"cadena","status":"publish","type":"product","link":"https:\/\/caledenataliavilaplana.com\/index.php\/product\/cadena\/","title":{"rendered":"Pendientes Cadena"},"content":{"rendered":"<p style=\"text-align: center;\">CADENA<\/p>\n<p style=\"text-align: center;\">Explora la moda urbana con nuestros pendientes &#8220;Cadenas&#8221;. Hechos a mano con acetato de celulosa y acero inoxidable, estos pendientes destacan por su dise\u00f1o \u00fanico. A\u00f1aden un toque de estilo distintivo a tu look. \u00a1Descubre la elegancia de las cadenas en tus accesorios! Exclusivo. Son el complemento perfecto para cualquier ocasi\u00f3n. A\u00f1ade un toque de estilo distintivo a tu look con nuestros pendientes cadenas.<\/p>\n<p style=\"text-align: center;\">Alto: 9,5 cm<\/p>\n<p style=\"text-align: center;\">Ancho: 2,0 cm<\/p>\n","protected":false},"excerpt":{"rendered":"<p>CADENA Explora la moda urbana con nuestros pendientes &#8220;Cadenas&#8221;. Hechos a mano con acetato de celulosa y acero inoxidable, estos pendientes destacan por su dise\u00f1o \u00fanico. A\u00f1aden un toque de estilo distintivo a tu look. \u00a1Descubre la elegancia de las cadenas en tus accesorios! Exclusivo. Son el complemento perfecto para cualquier ocasi\u00f3n. A\u00f1ade un toque &hellip;<\/p>\n<p class=\"read-more\"> <a class=\"\" href=\"https:\/\/caledenataliavilaplana.com\/index.php\/product\/cadena\/\"> <span class=\"screen-reader-text\">Pendientes Cadena<\/span> Leer m\u00e1s &raquo;<\/a><\/p>\n","protected":false},"featured_media":32,"template":"","meta":{"_uag_custom_page_level_css":"","site-sidebar-layout":"default","site-content-layout":"default","ast-site-content-layout":"default","site-content-style":"default","site-sidebar-style":"default","ast-global-header-display":"","ast-banner-title-visibility":"","ast-main-header-display":"","ast-hfb-above-header-display":"","ast-hfb-below-header-display":"","ast-hfb-mobile-header-display":"","site-post-title":"","ast-breadcrumbs-content":"","ast-featured-img":"","footer-sml-layout":"","theme-transparent-header-meta":"default","adv-header-id-meta":"","stick-header-meta":"","header-above-stick-meta":"","header-main-stick-meta":"","header-below-stick-meta":"","astra-migrate-meta-layouts":"set"},"product_cat":[41],"product_tag":[42,152],"jetpack_sharing_enabled":true,"uagb_featured_image_src":{"full":["https:\/\/caledenataliavilaplana.com\/wp-content\/uploads\/2023\/07\/60retocada-scaled-e1689892552893.jpg",1574,1708,false],"thumbnail":["https:\/\/caledenataliavilaplana.com\/wp-content\/uploads\/2023\/07\/60retocada-scaled-e1689892552893-150x150.jpg",150,150,true],"medium":["https:\/\/caledenataliavilaplana.com\/wp-content\/uploads\/2023\/07\/60retocada-scaled-e1689892552893-276x300.jpg",276,300,true],"medium_large":["https:\/\/caledenataliavilaplana.com\/wp-content\/uploads\/2023\/07\/60retocada-scaled-e1689892552893-768x833.jpg",768,833,true],"large":["https:\/\/caledenataliavilaplana.com\/wp-content\/uploads\/2023\/07\/60retocada-scaled-e1689892552893-944x1024.jpg",944,1024,true],"1536x1536":["https:\/\/caledenataliavilaplana.com\/wp-content\/uploads\/2023\/07\/60retocada-scaled-e1689892552893-1415x1536.jpg",1415,1536,true],"2048x2048":["https:\/\/caledenataliavilaplana.com\/wp-content\/uploads\/2023\/07\/60retocada-2048x1367.jpg",2048,1367,true],"mailpoet_newsletter_max":["https:\/\/caledenataliavilaplana.com\/wp-content\/uploads\/2023\/07\/60retocada-scaled-e1689892552893-1320x1432.jpg",1320,1432,true],"woocommerce_thumbnail":["https:\/\/caledenataliavilaplana.com\/wp-content\/uploads\/2023\/07\/60retocada-scaled-e1689892552893-300x300.jpg",300,300,true],"woocommerce_single":["https:\/\/caledenataliavilaplana.com\/wp-content\/uploads\/2023\/07\/60retocada-scaled-e1689892552893-600x651.jpg",600,651,true],"woocommerce_gallery_thumbnail":["https:\/\/caledenataliavilaplana.com\/wp-content\/uploads\/2023\/07\/60retocada-scaled-e1689892552893-100x100.jpg",100,100,true]},"uagb_author_info":{"display_name":"caledenataliavilaplana.com","author_link":"https:\/\/caledenataliavilaplana.com\/index.php\/author\/"},"uagb_comment_info":0,"uagb_excerpt":"CADENA Explora la moda urbana con nuestros pendientes &#8220;Cadenas&#8221;. Hechos a mano con acetato de celulosa y acero inoxidable, estos pendientes destacan por su dise\u00f1o \u00fanico. A\u00f1aden un toque de estilo distintivo a tu look. \u00a1Descubre la elegancia de las cadenas en tus accesorios! Exclusivo. Son el complemento perfecto para cualquier ocasi\u00f3n. A\u00f1ade un toque&hellip;","_links":{"self":[{"href":"https:\/\/caledenataliavilaplana.com\/index.php\/wp-json\/wp\/v2\/product\/28"}],"collection":[{"href":"https:\/\/caledenataliavilaplana.com\/index.php\/wp-json\/wp\/v2\/product"}],"about":[{"href":"https:\/\/caledenataliavilaplana.com\/index.php\/wp-json\/wp\/v2\/types\/product"}],"wp:featuredmedia":[{"embeddable":true,"href":"https:\/\/caledenataliavilaplana.com\/index.php\/wp-json\/wp\/v2\/media\/32"}],"wp:attachment":[{"href":"https:\/\/caledenataliavilaplana.com\/index.php\/wp-json\/wp\/v2\/media?parent=28"}],"wp:term":[{"taxonomy":"product_cat","embeddable":true,"href":"https:\/\/caledenataliavilaplana.com\/index.php\/wp-json\/wp\/v2\/product_cat?post=28"},{"taxonomy":"product_tag","embeddable":true,"href":"https:\/\/caledenataliavilaplana.com\/index.php\/wp-json\/wp\/v2\/product_tag?post=28"}],"curies":[{"name":"wp","href":"https:\/\/api.w.org\/{rel}","templated":true}]}}