{"id":2073,"date":"2024-03-19T12:09:36","date_gmt":"2024-03-19T12:09:36","guid":{"rendered":"https:\/\/caledenataliavilaplana.com\/?post_type=product&#038;p=2073"},"modified":"2024-04-25T12:42:44","modified_gmt":"2024-04-25T12:42:44","slug":"pendientes-campanilla","status":"publish","type":"product","link":"https:\/\/caledenataliavilaplana.com\/index.php\/product\/pendientes-campanilla\/","title":{"rendered":"Pendientes Campanilla"},"content":{"rendered":"<p style=\"text-align: center;\">CAMPANILLA<\/p>\n<p style=\"text-align: center;\">Descubre la delicadeza de la naturaleza con nuestros pendientes &#8220;Campanilla&#8221;. Elaborados a mano con acetato de celulosa y acero inoxidable, estos pendientes capturan la belleza ef\u00edmera de las flores de campanilla en un dise\u00f1o \u00fanico. A\u00f1aden un toque de frescura y elegancia a cualquier look. \u00a1Deja que florezca tu estilo con nuestros pendientes &#8220;Campanilla&#8221;!<\/p>\n<p style=\"text-align: center;\">Alto: 8,0 cm<\/p>\n<p style=\"text-align: center;\">Ancho: 2,5 cm<\/p>\n","protected":false},"excerpt":{"rendered":"<p>CAMPANILLA Descubre la delicadeza de la naturaleza con nuestros pendientes &#8220;Campanilla&#8221;. Elaborados a mano con acetato de celulosa y acero inoxidable, estos pendientes capturan la belleza ef\u00edmera de las flores de campanilla en un dise\u00f1o \u00fanico. A\u00f1aden un toque de frescura y elegancia a cualquier look. \u00a1Deja que florezca tu estilo con nuestros pendientes &#8220;Campanilla&#8221;! &hellip;<\/p>\n<p class=\"read-more\"> <a class=\"\" href=\"https:\/\/caledenataliavilaplana.com\/index.php\/product\/pendientes-campanilla\/\"> <span class=\"screen-reader-text\">Pendientes Campanilla<\/span> Leer m\u00e1s &raquo;<\/a><\/p>\n","protected":false},"featured_media":2074,"template":"","meta":{"_uag_custom_page_level_css":"","site-sidebar-layout":"default","site-content-layout":"","ast-site-content-layout":"default","site-content-style":"default","site-sidebar-style":"default","ast-global-header-display":"","ast-banner-title-visibility":"","ast-main-header-display":"","ast-hfb-above-header-display":"","ast-hfb-below-header-display":"","ast-hfb-mobile-header-display":"","site-post-title":"","ast-breadcrumbs-content":"","ast-featured-img":"","footer-sml-layout":"","theme-transparent-header-meta":"default","adv-header-id-meta":"","stick-header-meta":"","header-above-stick-meta":"","header-main-stick-meta":"","header-below-stick-meta":"","astra-migrate-meta-layouts":"set"},"product_cat":[41],"product_tag":[],"jetpack_sharing_enabled":true,"uagb_featured_image_src":{"full":["https:\/\/caledenataliavilaplana.com\/wp-content\/uploads\/2024\/03\/retrttrt-scaled.jpg",2560,1709,false],"thumbnail":["https:\/\/caledenataliavilaplana.com\/wp-content\/uploads\/2024\/03\/retrttrt-150x150.jpg",150,150,true],"medium":["https:\/\/caledenataliavilaplana.com\/wp-content\/uploads\/2024\/03\/retrttrt-300x200.jpg",300,200,true],"medium_large":["https:\/\/caledenataliavilaplana.com\/wp-content\/uploads\/2024\/03\/retrttrt-768x513.jpg",768,513,true],"large":["https:\/\/caledenataliavilaplana.com\/wp-content\/uploads\/2024\/03\/retrttrt-1024x683.jpg",1024,683,true],"1536x1536":["https:\/\/caledenataliavilaplana.com\/wp-content\/uploads\/2024\/03\/retrttrt-1536x1025.jpg",1536,1025,true],"2048x2048":["https:\/\/caledenataliavilaplana.com\/wp-content\/uploads\/2024\/03\/retrttrt-2048x1367.jpg",2048,1367,true],"mailpoet_newsletter_max":["https:\/\/caledenataliavilaplana.com\/wp-content\/uploads\/2024\/03\/retrttrt-1320x881.jpg",1320,881,true],"woocommerce_thumbnail":["https:\/\/caledenataliavilaplana.com\/wp-content\/uploads\/2024\/03\/retrttrt-300x300.jpg",300,300,true],"woocommerce_single":["https:\/\/caledenataliavilaplana.com\/wp-content\/uploads\/2024\/03\/retrttrt-600x400.jpg",600,400,true],"woocommerce_gallery_thumbnail":["https:\/\/caledenataliavilaplana.com\/wp-content\/uploads\/2024\/03\/retrttrt-100x100.jpg",100,100,true]},"uagb_author_info":{"display_name":"caledenataliavilaplana.com","author_link":"https:\/\/caledenataliavilaplana.com\/index.php\/author\/"},"uagb_comment_info":0,"uagb_excerpt":"CAMPANILLA Descubre la delicadeza de la naturaleza con nuestros pendientes &#8220;Campanilla&#8221;. Elaborados a mano con acetato de celulosa y acero inoxidable, estos pendientes capturan la belleza ef\u00edmera de las flores de campanilla en un dise\u00f1o \u00fanico. A\u00f1aden un toque de frescura y elegancia a cualquier look. \u00a1Deja que florezca tu estilo con nuestros pendientes &#8220;Campanilla&#8221;!&hellip;","_links":{"self":[{"href":"https:\/\/caledenataliavilaplana.com\/index.php\/wp-json\/wp\/v2\/product\/2073"}],"collection":[{"href":"https:\/\/caledenataliavilaplana.com\/index.php\/wp-json\/wp\/v2\/product"}],"about":[{"href":"https:\/\/caledenataliavilaplana.com\/index.php\/wp-json\/wp\/v2\/types\/product"}],"wp:featuredmedia":[{"embeddable":true,"href":"https:\/\/caledenataliavilaplana.com\/index.php\/wp-json\/wp\/v2\/media\/2074"}],"wp:attachment":[{"href":"https:\/\/caledenataliavilaplana.com\/index.php\/wp-json\/wp\/v2\/media?parent=2073"}],"wp:term":[{"taxonomy":"product_cat","embeddable":true,"href":"https:\/\/caledenataliavilaplana.com\/index.php\/wp-json\/wp\/v2\/product_cat?post=2073"},{"taxonomy":"product_tag","embeddable":true,"href":"https:\/\/caledenataliavilaplana.com\/index.php\/wp-json\/wp\/v2\/product_tag?post=2073"}],"curies":[{"name":"wp","href":"https:\/\/api.w.org\/{rel}","templated":true}]}}