{"id":2004,"date":"2023-10-02T15:42:31","date_gmt":"2023-10-02T15:42:31","guid":{"rendered":"https:\/\/caledenataliavilaplana.com\/?post_type=product&#038;p=2004"},"modified":"2024-04-25T12:44:31","modified_gmt":"2024-04-25T12:44:31","slug":"pendientes-cascada","status":"publish","type":"product","link":"https:\/\/caledenataliavilaplana.com\/index.php\/product\/pendientes-cascada\/","title":{"rendered":"Pendientes Cascada"},"content":{"rendered":"<p style=\"text-align: center;\">CASCADA<\/p>\n<p style=\"text-align: center;\">\u00a1Sum\u00e9rgete en la belleza de las cascadas con nuestros pendientes &#8220;Cascada&#8221;! Elaborados a mano con metacrilato y acero inoxidable, estos pendientes capturan la majestuosidad y la serenidad de una cascada en un dise\u00f1o \u00fanico. A\u00f1aden un toque de elegancia y sofisticaci\u00f3n a tu estilo. \u00a1D\u00e9jate llevar por la belleza de la naturaleza con nuestros pendientes &#8220;Cascada&#8221;!<\/p>\n<p style=\"text-align: center;\">Alto: 9,0 cm<\/p>\n<p style=\"text-align: center;\">Ancho: 3,0 cm<\/p>\n","protected":false},"excerpt":{"rendered":"<p>CASCADA \u00a1Sum\u00e9rgete en la belleza de las cascadas con nuestros pendientes &#8220;Cascada&#8221;! Elaborados a mano con metacrilato y acero inoxidable, estos pendientes capturan la majestuosidad y la serenidad de una cascada en un dise\u00f1o \u00fanico. A\u00f1aden un toque de elegancia y sofisticaci\u00f3n a tu estilo. \u00a1D\u00e9jate llevar por la belleza de la naturaleza con nuestros &hellip;<\/p>\n<p class=\"read-more\"> <a class=\"\" href=\"https:\/\/caledenataliavilaplana.com\/index.php\/product\/pendientes-cascada\/\"> <span class=\"screen-reader-text\">Pendientes Cascada<\/span> Leer m\u00e1s &raquo;<\/a><\/p>\n","protected":false},"featured_media":2005,"template":"","meta":{"_uag_custom_page_level_css":"","site-sidebar-layout":"default","site-content-layout":"","ast-site-content-layout":"default","site-content-style":"default","site-sidebar-style":"default","ast-global-header-display":"","ast-banner-title-visibility":"","ast-main-header-display":"","ast-hfb-above-header-display":"","ast-hfb-below-header-display":"","ast-hfb-mobile-header-display":"","site-post-title":"","ast-breadcrumbs-content":"","ast-featured-img":"","footer-sml-layout":"","theme-transparent-header-meta":"default","adv-header-id-meta":"","stick-header-meta":"","header-above-stick-meta":"","header-main-stick-meta":"","header-below-stick-meta":"","astra-migrate-meta-layouts":"set"},"product_cat":[15],"product_tag":[],"jetpack_sharing_enabled":true,"uagb_featured_image_src":{"full":["https:\/\/caledenataliavilaplana.com\/wp-content\/uploads\/2023\/10\/IMG_2452ret1-1-scaled.jpg",2560,1709,false],"thumbnail":["https:\/\/caledenataliavilaplana.com\/wp-content\/uploads\/2023\/10\/IMG_2452ret1-1-150x150.jpg",150,150,true],"medium":["https:\/\/caledenataliavilaplana.com\/wp-content\/uploads\/2023\/10\/IMG_2452ret1-1-300x200.jpg",300,200,true],"medium_large":["https:\/\/caledenataliavilaplana.com\/wp-content\/uploads\/2023\/10\/IMG_2452ret1-1-768x513.jpg",768,513,true],"large":["https:\/\/caledenataliavilaplana.com\/wp-content\/uploads\/2023\/10\/IMG_2452ret1-1-1024x683.jpg",1024,683,true],"1536x1536":["https:\/\/caledenataliavilaplana.com\/wp-content\/uploads\/2023\/10\/IMG_2452ret1-1-1536x1025.jpg",1536,1025,true],"2048x2048":["https:\/\/caledenataliavilaplana.com\/wp-content\/uploads\/2023\/10\/IMG_2452ret1-1-2048x1367.jpg",2048,1367,true],"mailpoet_newsletter_max":["https:\/\/caledenataliavilaplana.com\/wp-content\/uploads\/2023\/10\/IMG_2452ret1-1-1320x881.jpg",1320,881,true],"woocommerce_thumbnail":["https:\/\/caledenataliavilaplana.com\/wp-content\/uploads\/2023\/10\/IMG_2452ret1-1-300x300.jpg",300,300,true],"woocommerce_single":["https:\/\/caledenataliavilaplana.com\/wp-content\/uploads\/2023\/10\/IMG_2452ret1-1-600x400.jpg",600,400,true],"woocommerce_gallery_thumbnail":["https:\/\/caledenataliavilaplana.com\/wp-content\/uploads\/2023\/10\/IMG_2452ret1-1-100x100.jpg",100,100,true]},"uagb_author_info":{"display_name":"caledenataliavilaplana.com","author_link":"https:\/\/caledenataliavilaplana.com\/index.php\/author\/"},"uagb_comment_info":0,"uagb_excerpt":"CASCADA \u00a1Sum\u00e9rgete en la belleza de las cascadas con nuestros pendientes &#8220;Cascada&#8221;! Elaborados a mano con metacrilato y acero inoxidable, estos pendientes capturan la majestuosidad y la serenidad de una cascada en un dise\u00f1o \u00fanico. A\u00f1aden un toque de elegancia y sofisticaci\u00f3n a tu estilo. \u00a1D\u00e9jate llevar por la belleza de la naturaleza con nuestros&hellip;","_links":{"self":[{"href":"https:\/\/caledenataliavilaplana.com\/index.php\/wp-json\/wp\/v2\/product\/2004"}],"collection":[{"href":"https:\/\/caledenataliavilaplana.com\/index.php\/wp-json\/wp\/v2\/product"}],"about":[{"href":"https:\/\/caledenataliavilaplana.com\/index.php\/wp-json\/wp\/v2\/types\/product"}],"wp:featuredmedia":[{"embeddable":true,"href":"https:\/\/caledenataliavilaplana.com\/index.php\/wp-json\/wp\/v2\/media\/2005"}],"wp:attachment":[{"href":"https:\/\/caledenataliavilaplana.com\/index.php\/wp-json\/wp\/v2\/media?parent=2004"}],"wp:term":[{"taxonomy":"product_cat","embeddable":true,"href":"https:\/\/caledenataliavilaplana.com\/index.php\/wp-json\/wp\/v2\/product_cat?post=2004"},{"taxonomy":"product_tag","embeddable":true,"href":"https:\/\/caledenataliavilaplana.com\/index.php\/wp-json\/wp\/v2\/product_tag?post=2004"}],"curies":[{"name":"wp","href":"https:\/\/api.w.org\/{rel}","templated":true}]}}