{"id":20,"date":"2023-07-17T18:30:49","date_gmt":"2023-07-17T18:30:49","guid":{"rendered":"https:\/\/caledenataliavilaplana.com\/?post_type=product&#038;p=20"},"modified":"2024-04-25T12:02:15","modified_gmt":"2024-04-25T12:02:15","slug":"azahar","status":"publish","type":"product","link":"https:\/\/caledenataliavilaplana.com\/index.php\/product\/azahar\/","title":{"rendered":"Pendientes Azahar"},"content":{"rendered":"<p style=\"text-align: center;\">AZAHAR<\/p>\n<p style=\"text-align: center;\">Explora la belleza natural con nuestros pendientes &#8220;Azahar&#8221;. Confeccionados a mano con acetato de celulosa y acero inoxidable, estos pendientes capturan la delicadeza y la elegancia de la flor de azahar en un dise\u00f1o \u00fanico. Son el complemento perfecto para a\u00f1adir un toque de frescura y sofisticaci\u00f3n a tu estilo. \u00a1Haz que florezca tu belleza con nuestros pendientes inspirados en la flor de azahar!<\/p>\n<p style=\"text-align: center;\">Alto: 6,3 cm<\/p>\n<p style=\"text-align: center;\">Ancho: 6,7 cm<\/p>\n","protected":false},"excerpt":{"rendered":"<p>AZAHAR Explora la belleza natural con nuestros pendientes &#8220;Azahar&#8221;. Confeccionados a mano con acetato de celulosa y acero inoxidable, estos pendientes capturan la delicadeza y la elegancia de la flor de azahar en un dise\u00f1o \u00fanico. Son el complemento perfecto para a\u00f1adir un toque de frescura y sofisticaci\u00f3n a tu estilo. \u00a1Haz que florezca tu &hellip;<\/p>\n<p class=\"read-more\"> <a class=\"\" href=\"https:\/\/caledenataliavilaplana.com\/index.php\/product\/azahar\/\"> <span class=\"screen-reader-text\">Pendientes Azahar<\/span> Leer m\u00e1s &raquo;<\/a><\/p>\n","protected":false},"featured_media":22,"template":"","meta":{"_uag_custom_page_level_css":"","site-sidebar-layout":"default","site-content-layout":"default","ast-site-content-layout":"default","site-content-style":"default","site-sidebar-style":"default","ast-global-header-display":"","ast-banner-title-visibility":"","ast-main-header-display":"","ast-hfb-above-header-display":"","ast-hfb-below-header-display":"","ast-hfb-mobile-header-display":"","site-post-title":"","ast-breadcrumbs-content":"","ast-featured-img":"","footer-sml-layout":"","theme-transparent-header-meta":"default","adv-header-id-meta":"","stick-header-meta":"","header-above-stick-meta":"","header-main-stick-meta":"","header-below-stick-meta":"","astra-migrate-meta-layouts":"set"},"product_cat":[41],"product_tag":[42,152],"jetpack_sharing_enabled":true,"uagb_featured_image_src":{"full":["https:\/\/caledenataliavilaplana.com\/wp-content\/uploads\/2023\/07\/51retocado-scaled.jpg",1709,2560,false],"thumbnail":["https:\/\/caledenataliavilaplana.com\/wp-content\/uploads\/2023\/07\/51retocado-150x150.jpg",150,150,true],"medium":["https:\/\/caledenataliavilaplana.com\/wp-content\/uploads\/2023\/07\/51retocado-200x300.jpg",200,300,true],"medium_large":["https:\/\/caledenataliavilaplana.com\/wp-content\/uploads\/2023\/07\/51retocado-768x1151.jpg",768,1151,true],"large":["https:\/\/caledenataliavilaplana.com\/wp-content\/uploads\/2023\/07\/51retocado-683x1024.jpg",683,1024,true],"1536x1536":["https:\/\/caledenataliavilaplana.com\/wp-content\/uploads\/2023\/07\/51retocado-1025x1536.jpg",1025,1536,true],"2048x2048":["https:\/\/caledenataliavilaplana.com\/wp-content\/uploads\/2023\/07\/51retocado-1367x2048.jpg",1367,2048,true],"mailpoet_newsletter_max":["https:\/\/caledenataliavilaplana.com\/wp-content\/uploads\/2023\/07\/51retocado-1320x1978.jpg",1320,1978,true],"woocommerce_thumbnail":["https:\/\/caledenataliavilaplana.com\/wp-content\/uploads\/2023\/07\/51retocado-scaled-300x300.jpg",300,300,true],"woocommerce_single":["https:\/\/caledenataliavilaplana.com\/wp-content\/uploads\/2023\/07\/51retocado-scaled-600x899.jpg",600,899,true],"woocommerce_gallery_thumbnail":["https:\/\/caledenataliavilaplana.com\/wp-content\/uploads\/2023\/07\/51retocado-scaled-100x100.jpg",100,100,true]},"uagb_author_info":{"display_name":"caledenataliavilaplana.com","author_link":"https:\/\/caledenataliavilaplana.com\/index.php\/author\/"},"uagb_comment_info":0,"uagb_excerpt":"AZAHAR Explora la belleza natural con nuestros pendientes &#8220;Azahar&#8221;. Confeccionados a mano con acetato de celulosa y acero inoxidable, estos pendientes capturan la delicadeza y la elegancia de la flor de azahar en un dise\u00f1o \u00fanico. Son el complemento perfecto para a\u00f1adir un toque de frescura y sofisticaci\u00f3n a tu estilo. \u00a1Haz que florezca tu&hellip;","_links":{"self":[{"href":"https:\/\/caledenataliavilaplana.com\/index.php\/wp-json\/wp\/v2\/product\/20"}],"collection":[{"href":"https:\/\/caledenataliavilaplana.com\/index.php\/wp-json\/wp\/v2\/product"}],"about":[{"href":"https:\/\/caledenataliavilaplana.com\/index.php\/wp-json\/wp\/v2\/types\/product"}],"wp:featuredmedia":[{"embeddable":true,"href":"https:\/\/caledenataliavilaplana.com\/index.php\/wp-json\/wp\/v2\/media\/22"}],"wp:attachment":[{"href":"https:\/\/caledenataliavilaplana.com\/index.php\/wp-json\/wp\/v2\/media?parent=20"}],"wp:term":[{"taxonomy":"product_cat","embeddable":true,"href":"https:\/\/caledenataliavilaplana.com\/index.php\/wp-json\/wp\/v2\/product_cat?post=20"},{"taxonomy":"product_tag","embeddable":true,"href":"https:\/\/caledenataliavilaplana.com\/index.php\/wp-json\/wp\/v2\/product_tag?post=20"}],"curies":[{"name":"wp","href":"https:\/\/api.w.org\/{rel}","templated":true}]}}