{"id":1924,"date":"2023-09-11T18:04:47","date_gmt":"2023-09-11T18:04:47","guid":{"rendered":"https:\/\/caledenataliavilaplana.com\/?post_type=product&#038;p=1924"},"modified":"2024-04-25T11:53:19","modified_gmt":"2024-04-25T11:53:19","slug":"oreja-de-mar","status":"publish","type":"product","link":"https:\/\/caledenataliavilaplana.com\/index.php\/product\/oreja-de-mar\/","title":{"rendered":"Pendientes Oreja de mar"},"content":{"rendered":"<p style=\"text-align: center;\">OREJA DE MAR<br \/>\n\u00a1Descubre nuestra \u00faltima creaci\u00f3n: los pendientes &#8220;Oreja de Mar&#8221;! Estos elegantes pendientes est\u00e1n meticulosamente elaborados a mano con acetato de celulosa y acero inoxidable de alta calidad. Cada par es \u00fanico, con un dise\u00f1o inspirado en las hermosas formas de las orejas de mar. Estos pendientes destacar\u00e1n tu estilo con su elegancia y originalidad. A\u00f1ade un toque de sofisticaci\u00f3n marina a tu look con nuestros pendientes &#8220;Orejas de Mar&#8221;. \u00a1No te los pierdas!<\/p>\n<p style=\"text-align: center;\">Alto: 6,5 cm<\/p>\n<p style=\"text-align: center;\">Ancho: 5,0 cm<\/p>\n","protected":false},"excerpt":{"rendered":"<p>OREJA DE MAR \u00a1Descubre nuestra \u00faltima creaci\u00f3n: los pendientes &#8220;Oreja de Mar&#8221;! Estos elegantes pendientes est\u00e1n meticulosamente elaborados a mano con acetato de celulosa y acero inoxidable de alta calidad. Cada par es \u00fanico, con un dise\u00f1o inspirado en las hermosas formas de las orejas de mar. Estos pendientes destacar\u00e1n tu estilo con su elegancia &hellip;<\/p>\n<p class=\"read-more\"> <a class=\"\" href=\"https:\/\/caledenataliavilaplana.com\/index.php\/product\/oreja-de-mar\/\"> <span class=\"screen-reader-text\">Pendientes Oreja de mar<\/span> Leer m\u00e1s &raquo;<\/a><\/p>\n","protected":false},"featured_media":1926,"template":"","meta":{"_uag_custom_page_level_css":"","site-sidebar-layout":"default","site-content-layout":"","ast-site-content-layout":"default","site-content-style":"default","site-sidebar-style":"default","ast-global-header-display":"","ast-banner-title-visibility":"","ast-main-header-display":"","ast-hfb-above-header-display":"","ast-hfb-below-header-display":"","ast-hfb-mobile-header-display":"","site-post-title":"","ast-breadcrumbs-content":"","ast-featured-img":"","footer-sml-layout":"","theme-transparent-header-meta":"default","adv-header-id-meta":"","stick-header-meta":"","header-above-stick-meta":"","header-main-stick-meta":"","header-below-stick-meta":"","astra-migrate-meta-layouts":"set"},"product_cat":[41],"product_tag":[42,152],"jetpack_sharing_enabled":true,"uagb_featured_image_src":{"full":["https:\/\/caledenataliavilaplana.com\/wp-content\/uploads\/2023\/09\/33retocada-scaled.jpg",2560,1709,false],"thumbnail":["https:\/\/caledenataliavilaplana.com\/wp-content\/uploads\/2023\/09\/33retocada-150x150.jpg",150,150,true],"medium":["https:\/\/caledenataliavilaplana.com\/wp-content\/uploads\/2023\/09\/33retocada-300x200.jpg",300,200,true],"medium_large":["https:\/\/caledenataliavilaplana.com\/wp-content\/uploads\/2023\/09\/33retocada-768x513.jpg",768,513,true],"large":["https:\/\/caledenataliavilaplana.com\/wp-content\/uploads\/2023\/09\/33retocada-1024x683.jpg",1024,683,true],"1536x1536":["https:\/\/caledenataliavilaplana.com\/wp-content\/uploads\/2023\/09\/33retocada-1536x1025.jpg",1536,1025,true],"2048x2048":["https:\/\/caledenataliavilaplana.com\/wp-content\/uploads\/2023\/09\/33retocada-2048x1367.jpg",2048,1367,true],"mailpoet_newsletter_max":["https:\/\/caledenataliavilaplana.com\/wp-content\/uploads\/2023\/09\/33retocada-1320x881.jpg",1320,881,true],"woocommerce_thumbnail":["https:\/\/caledenataliavilaplana.com\/wp-content\/uploads\/2023\/09\/33retocada-300x300.jpg",300,300,true],"woocommerce_single":["https:\/\/caledenataliavilaplana.com\/wp-content\/uploads\/2023\/09\/33retocada-600x400.jpg",600,400,true],"woocommerce_gallery_thumbnail":["https:\/\/caledenataliavilaplana.com\/wp-content\/uploads\/2023\/09\/33retocada-100x100.jpg",100,100,true]},"uagb_author_info":{"display_name":"caledenataliavilaplana.com","author_link":"https:\/\/caledenataliavilaplana.com\/index.php\/author\/"},"uagb_comment_info":0,"uagb_excerpt":"OREJA DE MAR \u00a1Descubre nuestra \u00faltima creaci\u00f3n: los pendientes &#8220;Oreja de Mar&#8221;! Estos elegantes pendientes est\u00e1n meticulosamente elaborados a mano con acetato de celulosa y acero inoxidable de alta calidad. Cada par es \u00fanico, con un dise\u00f1o inspirado en las hermosas formas de las orejas de mar. Estos pendientes destacar\u00e1n tu estilo con su elegancia&hellip;","_links":{"self":[{"href":"https:\/\/caledenataliavilaplana.com\/index.php\/wp-json\/wp\/v2\/product\/1924"}],"collection":[{"href":"https:\/\/caledenataliavilaplana.com\/index.php\/wp-json\/wp\/v2\/product"}],"about":[{"href":"https:\/\/caledenataliavilaplana.com\/index.php\/wp-json\/wp\/v2\/types\/product"}],"wp:featuredmedia":[{"embeddable":true,"href":"https:\/\/caledenataliavilaplana.com\/index.php\/wp-json\/wp\/v2\/media\/1926"}],"wp:attachment":[{"href":"https:\/\/caledenataliavilaplana.com\/index.php\/wp-json\/wp\/v2\/media?parent=1924"}],"wp:term":[{"taxonomy":"product_cat","embeddable":true,"href":"https:\/\/caledenataliavilaplana.com\/index.php\/wp-json\/wp\/v2\/product_cat?post=1924"},{"taxonomy":"product_tag","embeddable":true,"href":"https:\/\/caledenataliavilaplana.com\/index.php\/wp-json\/wp\/v2\/product_tag?post=1924"}],"curies":[{"name":"wp","href":"https:\/\/api.w.org\/{rel}","templated":true}]}}