{"id":1614,"date":"2023-07-20T19:27:14","date_gmt":"2023-07-20T19:27:14","guid":{"rendered":"https:\/\/caledenataliavilaplana.com\/?post_type=product&#038;p=1614"},"modified":"2024-04-25T11:56:46","modified_gmt":"2024-04-25T11:56:46","slug":"pendiente-aztlan","status":"publish","type":"product","link":"https:\/\/caledenataliavilaplana.com\/index.php\/product\/pendiente-aztlan\/","title":{"rendered":"Pendientes Nantli"},"content":{"rendered":"<p style=\"text-align: center;\">NANTLI<\/p>\n<p style=\"text-align: center;\">Explora la riqueza de las culturas Inca y Azteca con nuestros pendientes Nantli, con un significado muy especial: Mam\u00e1. Hechos a mano con metacrilato y acero inoxidable, estos pendientes est\u00e1n inspirados en la artesan\u00eda y la belleza de estas antiguas civilizaciones. A\u00f1aden un toque de historia y elegancia a tu estilo. \u00a1Sum\u00e9rgete en el misterio y la magia de las culturas ancestrales con nuestros pendientes!<\/p>\n<p style=\"text-align: center;\">Alto: 10,5 cm<\/p>\n<p style=\"text-align: center;\">Ancho: 4,5 cm<\/p>\n","protected":false},"excerpt":{"rendered":"<p>NANTLI Explora la riqueza de las culturas Inca y Azteca con nuestros pendientes Nantli, con un significado muy especial: Mam\u00e1. Hechos a mano con metacrilato y acero inoxidable, estos pendientes est\u00e1n inspirados en la artesan\u00eda y la belleza de estas antiguas civilizaciones. A\u00f1aden un toque de historia y elegancia a tu estilo. \u00a1Sum\u00e9rgete en el &hellip;<\/p>\n<p class=\"read-more\"> <a class=\"\" href=\"https:\/\/caledenataliavilaplana.com\/index.php\/product\/pendiente-aztlan\/\"> <span class=\"screen-reader-text\">Pendientes Nantli<\/span> Leer m\u00e1s &raquo;<\/a><\/p>\n","protected":false},"featured_media":1558,"template":"","meta":{"_uag_custom_page_level_css":"","site-sidebar-layout":"default","site-content-layout":"default","ast-site-content-layout":"default","site-content-style":"default","site-sidebar-style":"default","ast-global-header-display":"","ast-banner-title-visibility":"","ast-main-header-display":"","ast-hfb-above-header-display":"","ast-hfb-below-header-display":"","ast-hfb-mobile-header-display":"","site-post-title":"","ast-breadcrumbs-content":"","ast-featured-img":"","footer-sml-layout":"","theme-transparent-header-meta":"default","adv-header-id-meta":"","stick-header-meta":"","header-above-stick-meta":"","header-main-stick-meta":"","header-below-stick-meta":"","astra-migrate-meta-layouts":"set"},"product_cat":[41],"product_tag":[42],"jetpack_sharing_enabled":true,"uagb_featured_image_src":{"full":["https:\/\/caledenataliavilaplana.com\/wp-content\/uploads\/2023\/07\/41retocada-scaled-e1689881226485.jpg",1702,1708,false],"thumbnail":["https:\/\/caledenataliavilaplana.com\/wp-content\/uploads\/2023\/07\/41retocada-scaled-e1689881226485-150x150.jpg",150,150,true],"medium":["https:\/\/caledenataliavilaplana.com\/wp-content\/uploads\/2023\/07\/41retocada-scaled-e1689881226485-300x300.jpg",300,300,true],"medium_large":["https:\/\/caledenataliavilaplana.com\/wp-content\/uploads\/2023\/07\/41retocada-scaled-e1689881226485-768x771.jpg",768,771,true],"large":["https:\/\/caledenataliavilaplana.com\/wp-content\/uploads\/2023\/07\/41retocada-scaled-e1689881226485-1020x1024.jpg",1020,1024,true],"1536x1536":["https:\/\/caledenataliavilaplana.com\/wp-content\/uploads\/2023\/07\/41retocada-scaled-e1689881226485-1531x1536.jpg",1531,1536,true],"2048x2048":["https:\/\/caledenataliavilaplana.com\/wp-content\/uploads\/2023\/07\/41retocada-2048x1367.jpg",2048,1367,true],"mailpoet_newsletter_max":["https:\/\/caledenataliavilaplana.com\/wp-content\/uploads\/2023\/07\/41retocada-scaled-e1689881226485-1320x1325.jpg",1320,1325,true],"woocommerce_thumbnail":["https:\/\/caledenataliavilaplana.com\/wp-content\/uploads\/2023\/07\/41retocada-scaled-e1689881226485-300x300.jpg",300,300,true],"woocommerce_single":["https:\/\/caledenataliavilaplana.com\/wp-content\/uploads\/2023\/07\/41retocada-scaled-e1689881226485-600x602.jpg",600,602,true],"woocommerce_gallery_thumbnail":["https:\/\/caledenataliavilaplana.com\/wp-content\/uploads\/2023\/07\/41retocada-scaled-e1689881226485-100x100.jpg",100,100,true]},"uagb_author_info":{"display_name":"caledenataliavilaplana.com","author_link":"https:\/\/caledenataliavilaplana.com\/index.php\/author\/"},"uagb_comment_info":0,"uagb_excerpt":"NANTLI Explora la riqueza de las culturas Inca y Azteca con nuestros pendientes Nantli, con un significado muy especial: Mam\u00e1. Hechos a mano con metacrilato y acero inoxidable, estos pendientes est\u00e1n inspirados en la artesan\u00eda y la belleza de estas antiguas civilizaciones. A\u00f1aden un toque de historia y elegancia a tu estilo. \u00a1Sum\u00e9rgete en el&hellip;","_links":{"self":[{"href":"https:\/\/caledenataliavilaplana.com\/index.php\/wp-json\/wp\/v2\/product\/1614"}],"collection":[{"href":"https:\/\/caledenataliavilaplana.com\/index.php\/wp-json\/wp\/v2\/product"}],"about":[{"href":"https:\/\/caledenataliavilaplana.com\/index.php\/wp-json\/wp\/v2\/types\/product"}],"wp:featuredmedia":[{"embeddable":true,"href":"https:\/\/caledenataliavilaplana.com\/index.php\/wp-json\/wp\/v2\/media\/1558"}],"wp:attachment":[{"href":"https:\/\/caledenataliavilaplana.com\/index.php\/wp-json\/wp\/v2\/media?parent=1614"}],"wp:term":[{"taxonomy":"product_cat","embeddable":true,"href":"https:\/\/caledenataliavilaplana.com\/index.php\/wp-json\/wp\/v2\/product_cat?post=1614"},{"taxonomy":"product_tag","embeddable":true,"href":"https:\/\/caledenataliavilaplana.com\/index.php\/wp-json\/wp\/v2\/product_tag?post=1614"}],"curies":[{"name":"wp","href":"https:\/\/api.w.org\/{rel}","templated":true}]}}