{"id":1612,"date":"2023-07-20T19:17:08","date_gmt":"2023-07-20T19:17:08","guid":{"rendered":"https:\/\/caledenataliavilaplana.com\/?post_type=product&#038;p=1612"},"modified":"2024-04-25T11:57:15","modified_gmt":"2024-04-25T11:57:15","slug":"pendiente-cale","status":"publish","type":"product","link":"https:\/\/caledenataliavilaplana.com\/index.php\/product\/pendiente-cale\/","title":{"rendered":"Pendientes Aruma"},"content":{"rendered":"<p style=\"text-align: center;\">ARUMA<\/p>\n<p style=\"text-align: center;\">\nSum\u00e9rgete en la rica herencia de la cultura inca con nuestros pendientes &#8220;Aruma&#8221;. Del quechua \u201cnoche\u201d. Elaborados a mano con metacrilato y acero inoxidable, estos pendientes capturan la esencia y la belleza de estas fascinantes civilizaciones en un dise\u00f1o \u00fanico. Son el complemento perfecto para a\u00f1adir un toque de historia y elegancia a tu estilo. \u00a1Explora el legado de las culturas antiguas con nuestros pendientes &#8220;Aruma&#8221;!<\/p>\n<p style=\"text-align: center;\">\n<p style=\"text-align: center;\">Alto: 7,5 cm<\/p>\n<p style=\"text-align: center;\">Ancho: 5,0 cm<\/p>\n","protected":false},"excerpt":{"rendered":"<p>ARUMA Sum\u00e9rgete en la rica herencia de la cultura inca con nuestros pendientes &#8220;Aruma&#8221;. Del quechua \u201cnoche\u201d. Elaborados a mano con metacrilato y acero inoxidable, estos pendientes capturan la esencia y la belleza de estas fascinantes civilizaciones en un dise\u00f1o \u00fanico. Son el complemento perfecto para a\u00f1adir un toque de historia y elegancia a tu &hellip;<\/p>\n<p class=\"read-more\"> <a class=\"\" href=\"https:\/\/caledenataliavilaplana.com\/index.php\/product\/pendiente-cale\/\"> <span class=\"screen-reader-text\">Pendientes Aruma<\/span> Leer m\u00e1s &raquo;<\/a><\/p>\n","protected":false},"featured_media":1520,"template":"","meta":{"_uag_custom_page_level_css":"","site-sidebar-layout":"default","site-content-layout":"default","ast-site-content-layout":"default","site-content-style":"default","site-sidebar-style":"default","ast-global-header-display":"","ast-banner-title-visibility":"","ast-main-header-display":"","ast-hfb-above-header-display":"","ast-hfb-below-header-display":"","ast-hfb-mobile-header-display":"","site-post-title":"","ast-breadcrumbs-content":"","ast-featured-img":"","footer-sml-layout":"","theme-transparent-header-meta":"default","adv-header-id-meta":"","stick-header-meta":"","header-above-stick-meta":"","header-main-stick-meta":"","header-below-stick-meta":"","astra-migrate-meta-layouts":"set"},"product_cat":[41],"product_tag":[42],"jetpack_sharing_enabled":true,"uagb_featured_image_src":{"full":["https:\/\/caledenataliavilaplana.com\/wp-content\/uploads\/2023\/07\/65retocada-scaled-e1689881312938.jpg",1753,1708,false],"thumbnail":["https:\/\/caledenataliavilaplana.com\/wp-content\/uploads\/2023\/07\/65retocada-scaled-e1689881312938-150x150.jpg",150,150,true],"medium":["https:\/\/caledenataliavilaplana.com\/wp-content\/uploads\/2023\/07\/65retocada-scaled-e1689881312938-300x292.jpg",300,292,true],"medium_large":["https:\/\/caledenataliavilaplana.com\/wp-content\/uploads\/2023\/07\/65retocada-scaled-e1689881312938-768x748.jpg",768,748,true],"large":["https:\/\/caledenataliavilaplana.com\/wp-content\/uploads\/2023\/07\/65retocada-scaled-e1689881312938-1024x998.jpg",1024,998,true],"1536x1536":["https:\/\/caledenataliavilaplana.com\/wp-content\/uploads\/2023\/07\/65retocada-scaled-e1689881312938-1536x1497.jpg",1536,1497,true],"2048x2048":["https:\/\/caledenataliavilaplana.com\/wp-content\/uploads\/2023\/07\/65retocada-2048x1367.jpg",2048,1367,true],"mailpoet_newsletter_max":["https:\/\/caledenataliavilaplana.com\/wp-content\/uploads\/2023\/07\/65retocada-scaled-e1689881312938-1320x1286.jpg",1320,1286,true],"woocommerce_thumbnail":["https:\/\/caledenataliavilaplana.com\/wp-content\/uploads\/2023\/07\/65retocada-scaled-e1689881312938-300x300.jpg",300,300,true],"woocommerce_single":["https:\/\/caledenataliavilaplana.com\/wp-content\/uploads\/2023\/07\/65retocada-scaled-e1689881312938-600x585.jpg",600,585,true],"woocommerce_gallery_thumbnail":["https:\/\/caledenataliavilaplana.com\/wp-content\/uploads\/2023\/07\/65retocada-scaled-e1689881312938-100x100.jpg",100,100,true]},"uagb_author_info":{"display_name":"caledenataliavilaplana.com","author_link":"https:\/\/caledenataliavilaplana.com\/index.php\/author\/"},"uagb_comment_info":0,"uagb_excerpt":"ARUMA Sum\u00e9rgete en la rica herencia de la cultura inca con nuestros pendientes &#8220;Aruma&#8221;. Del quechua \u201cnoche\u201d. Elaborados a mano con metacrilato y acero inoxidable, estos pendientes capturan la esencia y la belleza de estas fascinantes civilizaciones en un dise\u00f1o \u00fanico. Son el complemento perfecto para a\u00f1adir un toque de historia y elegancia a tu&hellip;","_links":{"self":[{"href":"https:\/\/caledenataliavilaplana.com\/index.php\/wp-json\/wp\/v2\/product\/1612"}],"collection":[{"href":"https:\/\/caledenataliavilaplana.com\/index.php\/wp-json\/wp\/v2\/product"}],"about":[{"href":"https:\/\/caledenataliavilaplana.com\/index.php\/wp-json\/wp\/v2\/types\/product"}],"wp:featuredmedia":[{"embeddable":true,"href":"https:\/\/caledenataliavilaplana.com\/index.php\/wp-json\/wp\/v2\/media\/1520"}],"wp:attachment":[{"href":"https:\/\/caledenataliavilaplana.com\/index.php\/wp-json\/wp\/v2\/media?parent=1612"}],"wp:term":[{"taxonomy":"product_cat","embeddable":true,"href":"https:\/\/caledenataliavilaplana.com\/index.php\/wp-json\/wp\/v2\/product_cat?post=1612"},{"taxonomy":"product_tag","embeddable":true,"href":"https:\/\/caledenataliavilaplana.com\/index.php\/wp-json\/wp\/v2\/product_tag?post=1612"}],"curies":[{"name":"wp","href":"https:\/\/api.w.org\/{rel}","templated":true}]}}