{"id":1606,"date":"2023-07-20T18:57:23","date_gmt":"2023-07-20T18:57:23","guid":{"rendered":"https:\/\/caledenataliavilaplana.com\/?post_type=product&#038;p=1606"},"modified":"2024-04-25T12:45:46","modified_gmt":"2024-04-25T12:45:46","slug":"pendiente-laberinto","status":"publish","type":"product","link":"https:\/\/caledenataliavilaplana.com\/index.php\/product\/pendiente-laberinto\/","title":{"rendered":"Pendientes Laberinto"},"content":{"rendered":"<p style=\"text-align: center;\">LABERINTO<\/p>\n<p style=\"text-align: center;\">Explora la intriga de los laberintos con nuestros pendientes &#8220;Laberinto&#8221;. Hechos a mano con metacrilato y acero inoxidable, estos pendientes capturan la fascinaci\u00f3n de perderse en un dise\u00f1o \u00fanico. A\u00f1aden un toque de misterio y estilo a tu look. \u00a1Descubre el encanto de los laberintos con nuestros pendientes &#8220;Laberinto<\/p>\n<p style=\"text-align: center;\">Alto: 8,0 cm<\/p>\n<p style=\"text-align: center;\">Ancho: 3,0-5,0 cm<\/p>\n","protected":false},"excerpt":{"rendered":"<p>LABERINTO Explora la intriga de los laberintos con nuestros pendientes &#8220;Laberinto&#8221;. Hechos a mano con metacrilato y acero inoxidable, estos pendientes capturan la fascinaci\u00f3n de perderse en un dise\u00f1o \u00fanico. A\u00f1aden un toque de misterio y estilo a tu look. \u00a1Descubre el encanto de los laberintos con nuestros pendientes &#8220;Laberinto Alto: 8,0 cm Ancho: 3,0-5,0 &hellip;<\/p>\n<p class=\"read-more\"> <a class=\"\" href=\"https:\/\/caledenataliavilaplana.com\/index.php\/product\/pendiente-laberinto\/\"> <span class=\"screen-reader-text\">Pendientes Laberinto<\/span> Leer m\u00e1s &raquo;<\/a><\/p>\n","protected":false},"featured_media":1547,"template":"","meta":{"_uag_custom_page_level_css":"","site-sidebar-layout":"default","site-content-layout":"default","ast-site-content-layout":"default","site-content-style":"default","site-sidebar-style":"default","ast-global-header-display":"","ast-banner-title-visibility":"","ast-main-header-display":"","ast-hfb-above-header-display":"","ast-hfb-below-header-display":"","ast-hfb-mobile-header-display":"","site-post-title":"","ast-breadcrumbs-content":"","ast-featured-img":"","footer-sml-layout":"","theme-transparent-header-meta":"default","adv-header-id-meta":"","stick-header-meta":"","header-above-stick-meta":"","header-main-stick-meta":"","header-below-stick-meta":"","astra-migrate-meta-layouts":"set"},"product_cat":[41],"product_tag":[42],"jetpack_sharing_enabled":true,"uagb_featured_image_src":{"full":["https:\/\/caledenataliavilaplana.com\/wp-content\/uploads\/2023\/07\/45retocada-scaled.jpg",2560,1709,false],"thumbnail":["https:\/\/caledenataliavilaplana.com\/wp-content\/uploads\/2023\/07\/45retocada-150x150.jpg",150,150,true],"medium":["https:\/\/caledenataliavilaplana.com\/wp-content\/uploads\/2023\/07\/45retocada-300x200.jpg",300,200,true],"medium_large":["https:\/\/caledenataliavilaplana.com\/wp-content\/uploads\/2023\/07\/45retocada-768x513.jpg",768,513,true],"large":["https:\/\/caledenataliavilaplana.com\/wp-content\/uploads\/2023\/07\/45retocada-1024x683.jpg",1024,683,true],"1536x1536":["https:\/\/caledenataliavilaplana.com\/wp-content\/uploads\/2023\/07\/45retocada-1536x1025.jpg",1536,1025,true],"2048x2048":["https:\/\/caledenataliavilaplana.com\/wp-content\/uploads\/2023\/07\/45retocada-2048x1367.jpg",2048,1367,true],"mailpoet_newsletter_max":["https:\/\/caledenataliavilaplana.com\/wp-content\/uploads\/2023\/07\/45retocada-1320x881.jpg",1320,881,true],"woocommerce_thumbnail":["https:\/\/caledenataliavilaplana.com\/wp-content\/uploads\/2023\/07\/45retocada-300x300.jpg",300,300,true],"woocommerce_single":["https:\/\/caledenataliavilaplana.com\/wp-content\/uploads\/2023\/07\/45retocada-600x400.jpg",600,400,true],"woocommerce_gallery_thumbnail":["https:\/\/caledenataliavilaplana.com\/wp-content\/uploads\/2023\/07\/45retocada-100x100.jpg",100,100,true]},"uagb_author_info":{"display_name":"caledenataliavilaplana.com","author_link":"https:\/\/caledenataliavilaplana.com\/index.php\/author\/"},"uagb_comment_info":0,"uagb_excerpt":"LABERINTO Explora la intriga de los laberintos con nuestros pendientes &#8220;Laberinto&#8221;. Hechos a mano con metacrilato y acero inoxidable, estos pendientes capturan la fascinaci\u00f3n de perderse en un dise\u00f1o \u00fanico. A\u00f1aden un toque de misterio y estilo a tu look. \u00a1Descubre el encanto de los laberintos con nuestros pendientes &#8220;Laberinto Alto: 8,0 cm Ancho: 3,0-5,0&hellip;","_links":{"self":[{"href":"https:\/\/caledenataliavilaplana.com\/index.php\/wp-json\/wp\/v2\/product\/1606"}],"collection":[{"href":"https:\/\/caledenataliavilaplana.com\/index.php\/wp-json\/wp\/v2\/product"}],"about":[{"href":"https:\/\/caledenataliavilaplana.com\/index.php\/wp-json\/wp\/v2\/types\/product"}],"wp:featuredmedia":[{"embeddable":true,"href":"https:\/\/caledenataliavilaplana.com\/index.php\/wp-json\/wp\/v2\/media\/1547"}],"wp:attachment":[{"href":"https:\/\/caledenataliavilaplana.com\/index.php\/wp-json\/wp\/v2\/media?parent=1606"}],"wp:term":[{"taxonomy":"product_cat","embeddable":true,"href":"https:\/\/caledenataliavilaplana.com\/index.php\/wp-json\/wp\/v2\/product_cat?post=1606"},{"taxonomy":"product_tag","embeddable":true,"href":"https:\/\/caledenataliavilaplana.com\/index.php\/wp-json\/wp\/v2\/product_tag?post=1606"}],"curies":[{"name":"wp","href":"https:\/\/api.w.org\/{rel}","templated":true}]}}