{"id":6,"date":"2023-07-17T11:56:26","date_gmt":"2023-07-17T11:56:26","guid":{"rendered":"http:\/\/caledenataliavilaplana.com\/index.php\/shop\/"},"modified":"2024-04-24T10:38:26","modified_gmt":"2024-04-24T10:38:26","slug":"disenamos-para-ti","status":"publish","type":"page","link":"https:\/\/caledenataliavilaplana.com\/index.php\/disenamos-para-ti\/","title":{"rendered":"Dise\u00f1amos para ti"},"content":{"rendered":"\n<div class=\"wp-block-uagb-advanced-heading uagb-block-1c029445\"><h4 class=\"uagb-heading-text\">DISE\u00d1OS EXCLUSIVOS PARA T\u00cd<\/h4><\/div>\n\n\n\n<div class=\"wp-block-uagb-container uagb-block-ab9cea5a alignfull uagb-is-root-container\"><div class=\"uagb-container-inner-blocks-wrap\">\n<p class=\"has-text-align-center\" style=\"margin-top:var(--wp--preset--spacing--50);margin-right:var(--wp--preset--spacing--50);margin-bottom:var(--wp--preset--spacing--50);margin-left:var(--wp--preset--spacing--50);font-size:15px\">En Cal\u00e9 tambi\u00e9n nos dedicamos a la creaci\u00f3n y dise\u00f1o de pendientes personalizados y exclusivos para ti. Nos encargamos de llevar tus ideas e inspiraciones a la realidad para que puedas lucir tus pendientes perfectos en cualquier ocasi\u00f3n.<br>Adem\u00e1s, nos enfocamos en crear dise\u00f1os que se adapten a tus gustos y personalidad, para que puedas tener unos pendientes que reflejen tu estilo \u00fanico.<br>Ya sea que busques pendientes para ocasiones especiales o para uso diario, podemos ayudarte a crear algo que se adapte a tus necesidades y gustos. Nos aseguramos de que tus pendientes sean c\u00f3modos de usar.<br>\u00bfTienes una idea en mente? \u00a1Cont\u00e1ctanos! Estamos dispuestos a trabajar contigo para crear y dise\u00f1ar los pendientes perfectos para ti. Estamos seguros de que nuestros dise\u00f1os te encantar\u00e1n y te har\u00e1n lucir radiante en cualquier momento. \u00a1No dudes en ponerte en contacto con nosotros y comencemos a trabajar juntos en tus pendientes personalizados!<\/p>\n<\/div><\/div>\n\n\n\n<div class=\"wp-block-uagb-container uagb-block-90be6ba0 alignfull uagb-is-root-container\"><div class=\"uagb-container-inner-blocks-wrap\">\n<div class=\"wp-block-buttons is-content-justification-center is-layout-flex wp-container-core-buttons-layout-1 wp-block-buttons-is-layout-flex\">\n<div class=\"wp-block-button\"><a class=\"wp-block-button__link wp-element-button\" href=\"#Pedidos\">PeDIDOS<\/a><\/div>\n<\/div>\n<\/div><\/div>\n\n\n\n<div class=\"wp-block-uagb-container uagb-block-edac0683 alignfull uagb-is-root-container\"><div class=\"uagb-container-inner-blocks-wrap\">\n<div class=\"wp-block-uagb-container uagb-block-fafc2643\">\n<div class=\"wp-block-uagb-image aligncenter uagb-block-903d5716 wp-block-uagb-image--layout-default wp-block-uagb-image--effect-static wp-block-uagb-image--align-center\"><figure class=\"wp-block-uagb-image__figure\"><img decoding=\"async\" srcset=\"https:\/\/caledenataliavilaplana.com\/wp-content\/uploads\/2023\/07\/4838d4ce-3120-4874-9aac-ed6b6f128563-972x1024.jpg , https:\/\/caledenataliavilaplana.com\/wp-content\/uploads\/2023\/07\/4838d4ce-3120-4874-9aac-ed6b6f128563-972x1024.jpg 360w\" sizes=\"(max-width: 480px) 150px\" src=\"https:\/\/caledenataliavilaplana.com\/wp-content\/uploads\/2023\/07\/4838d4ce-3120-4874-9aac-ed6b6f128563-972x1024.jpg\" alt=\"\" class=\"uag-image-1464\" width=\"512\" height=\"488\" title=\"\" loading=\"lazy\"\/><\/figure><\/div>\n<\/div>\n<\/div><\/div>\n\n\n\n<div class=\"wp-block-uagb-container uagb-block-a9f541d5 alignfull uagb-is-root-container\"><div class=\"uagb-container-inner-blocks-wrap\">\n<div class=\"wp-block-uagb-container uagb-block-0ddfc283\">\n<figure class=\"wp-block-image size-large\"><img loading=\"lazy\" decoding=\"async\" width=\"1024\" height=\"683\" src=\"https:\/\/caledenataliavilaplana.com\/wp-content\/uploads\/2024\/04\/IMG_4088-1024x683.jpeg\" alt=\"\" class=\"wp-image-2080\" srcset=\"https:\/\/caledenataliavilaplana.com\/wp-content\/uploads\/2024\/04\/IMG_4088-1024x683.jpeg 1024w, https:\/\/caledenataliavilaplana.com\/wp-content\/uploads\/2024\/04\/IMG_4088-300x200.jpeg 300w, https:\/\/caledenataliavilaplana.com\/wp-content\/uploads\/2024\/04\/IMG_4088-768x513.jpeg 768w, https:\/\/caledenataliavilaplana.com\/wp-content\/uploads\/2024\/04\/IMG_4088-1536x1025.jpeg 1536w, https:\/\/caledenataliavilaplana.com\/wp-content\/uploads\/2024\/04\/IMG_4088-2048x1367.jpeg 2048w, https:\/\/caledenataliavilaplana.com\/wp-content\/uploads\/2024\/04\/IMG_4088-1320x881.jpeg 1320w, https:\/\/caledenataliavilaplana.com\/wp-content\/uploads\/2024\/04\/IMG_4088-600x400.jpeg 600w\" sizes=\"(max-width: 1024px) 100vw, 1024px\" \/><\/figure>\n<\/div>\n\n\n\n<div class=\"wp-block-uagb-container uagb-block-6ddbb6d1\">\n<figure class=\"wp-block-image size-large\"><img loading=\"lazy\" decoding=\"async\" width=\"1024\" height=\"683\" src=\"https:\/\/caledenataliavilaplana.com\/wp-content\/uploads\/2024\/04\/IMG_4371-1024x683.jpg\" alt=\"\" class=\"wp-image-2084\" srcset=\"https:\/\/caledenataliavilaplana.com\/wp-content\/uploads\/2024\/04\/IMG_4371-1024x683.jpg 1024w, https:\/\/caledenataliavilaplana.com\/wp-content\/uploads\/2024\/04\/IMG_4371-300x200.jpg 300w, https:\/\/caledenataliavilaplana.com\/wp-content\/uploads\/2024\/04\/IMG_4371-768x513.jpg 768w, https:\/\/caledenataliavilaplana.com\/wp-content\/uploads\/2024\/04\/IMG_4371-1536x1025.jpg 1536w, https:\/\/caledenataliavilaplana.com\/wp-content\/uploads\/2024\/04\/IMG_4371-2048x1367.jpg 2048w, https:\/\/caledenataliavilaplana.com\/wp-content\/uploads\/2024\/04\/IMG_4371-1320x881.jpg 1320w, https:\/\/caledenataliavilaplana.com\/wp-content\/uploads\/2024\/04\/IMG_4371-600x400.jpg 600w\" sizes=\"(max-width: 1024px) 100vw, 1024px\" \/><\/figure>\n<\/div>\n\n\n\n<figure class=\"wp-block-image size-large\"><img loading=\"lazy\" decoding=\"async\" width=\"1024\" height=\"683\" src=\"https:\/\/caledenataliavilaplana.com\/wp-content\/uploads\/2024\/04\/11-1024x683.jpeg\" alt=\"\" class=\"wp-image-2083\" srcset=\"https:\/\/caledenataliavilaplana.com\/wp-content\/uploads\/2024\/04\/11-1024x683.jpeg 1024w, https:\/\/caledenataliavilaplana.com\/wp-content\/uploads\/2024\/04\/11-300x200.jpeg 300w, https:\/\/caledenataliavilaplana.com\/wp-content\/uploads\/2024\/04\/11-768x513.jpeg 768w, https:\/\/caledenataliavilaplana.com\/wp-content\/uploads\/2024\/04\/11-1536x1025.jpeg 1536w, https:\/\/caledenataliavilaplana.com\/wp-content\/uploads\/2024\/04\/11-2048x1367.jpeg 2048w, https:\/\/caledenataliavilaplana.com\/wp-content\/uploads\/2024\/04\/11-1320x881.jpeg 1320w, https:\/\/caledenataliavilaplana.com\/wp-content\/uploads\/2024\/04\/11-600x400.jpeg 600w\" sizes=\"(max-width: 1024px) 100vw, 1024px\" \/><\/figure>\n<\/div><\/div>\n\n\n\n<div class=\"wp-block-uagb-container uag-hide-mob uagb-block-abf7539a alignfull uagb-is-root-container\"><div class=\"uagb-container-inner-blocks-wrap\">\n<div class=\"wp-block-uagb-container uagb-block-05a9bd23\">\n<div class=\"wp-block-uagb-image uagb-block-6ff04018 wp-block-uagb-image--layout-default wp-block-uagb-image--effect-static wp-block-uagb-image--align-none\"><figure class=\"wp-block-uagb-image__figure\"><img decoding=\"async\" srcset=\"https:\/\/caledenataliavilaplana.com\/wp-content\/uploads\/2023\/09\/12retocada-1024x683.jpg \" sizes=\"(max-width: 480px) 150px\" src=\"https:\/\/caledenataliavilaplana.com\/wp-content\/uploads\/2023\/09\/12retocada-1024x683.jpg\" alt=\"\" class=\"uag-image-1937\" width=\"5208\" height=\"3476\" title=\"\" loading=\"lazy\"\/><\/figure><\/div>\n<\/div>\n\n\n\n<div class=\"wp-block-uagb-container uagb-block-1f18b061\">\n<div class=\"wp-block-uagb-image uagb-block-5261340f wp-block-uagb-image--layout-default wp-block-uagb-image--effect-static wp-block-uagb-image--align-none\"><figure class=\"wp-block-uagb-image__figure\"><img decoding=\"async\" srcset=\"https:\/\/caledenataliavilaplana.com\/wp-content\/uploads\/2023\/09\/5retocada-1024x683.jpg \" sizes=\"(max-width: 480px) 150px\" src=\"https:\/\/caledenataliavilaplana.com\/wp-content\/uploads\/2023\/09\/5retocada-1024x683.jpg\" alt=\"\" class=\"uag-image-1936\" width=\"5208\" height=\"3476\" title=\"\" loading=\"lazy\"\/><\/figure><\/div>\n<\/div>\n\n\n\n<div class=\"wp-block-uagb-container uagb-block-bfbabf8c\">\n<div class=\"wp-block-uagb-image uagb-block-06e1d71c wp-block-uagb-image--layout-default wp-block-uagb-image--effect-static wp-block-uagb-image--align-none\"><figure class=\"wp-block-uagb-image__figure\"><img decoding=\"async\" srcset=\"https:\/\/caledenataliavilaplana.com\/wp-content\/uploads\/2023\/09\/IMG_1448ret1-1024x683.jpg \" sizes=\"(max-width: 480px) 150px\" src=\"https:\/\/caledenataliavilaplana.com\/wp-content\/uploads\/2023\/09\/IMG_1448ret1-1024x683.jpg\" alt=\"\" class=\"uag-image-1954\" width=\"5208\" height=\"3476\" title=\"\" loading=\"lazy\"\/><\/figure><\/div>\n<\/div>\n<\/div><\/div>\n\n\n\n<div class=\"wp-block-uagb-container uagb-block-2d218e37 alignfull uagb-is-root-container\"><div class=\"uagb-container-inner-blocks-wrap\">\n<div class=\"wp-block-uagb-container uagb-block-f2d2aa96\">\n<figure class=\"wp-block-image size-large\"><img loading=\"lazy\" decoding=\"async\" width=\"1024\" height=\"765\" src=\"https:\/\/caledenataliavilaplana.com\/wp-content\/uploads\/2024\/04\/drytfguh-1024x765.jpg\" alt=\"\" class=\"wp-image-2092\" srcset=\"https:\/\/caledenataliavilaplana.com\/wp-content\/uploads\/2024\/04\/drytfguh-1024x765.jpg 1024w, https:\/\/caledenataliavilaplana.com\/wp-content\/uploads\/2024\/04\/drytfguh-300x224.jpg 300w, https:\/\/caledenataliavilaplana.com\/wp-content\/uploads\/2024\/04\/drytfguh-768x574.jpg 768w, https:\/\/caledenataliavilaplana.com\/wp-content\/uploads\/2024\/04\/drytfguh-1536x1148.jpg 1536w, https:\/\/caledenataliavilaplana.com\/wp-content\/uploads\/2024\/04\/drytfguh-2048x1530.jpg 2048w, https:\/\/caledenataliavilaplana.com\/wp-content\/uploads\/2024\/04\/drytfguh-1320x986.jpg 1320w, https:\/\/caledenataliavilaplana.com\/wp-content\/uploads\/2024\/04\/drytfguh-600x448.jpg 600w\" sizes=\"(max-width: 1024px) 100vw, 1024px\" \/><\/figure>\n<\/div>\n<\/div><\/div>\n\n\n\n<div class=\"wp-block-uagb-container uagb-block-e0c6d133 alignfull uagb-is-root-container\"><div class=\"uagb-container-inner-blocks-wrap\">\n<div class=\"wp-block-uagb-container uagb-block-cfbdee42\">\n<figure class=\"wp-block-image size-large\"><img loading=\"lazy\" decoding=\"async\" width=\"1024\" height=\"683\" src=\"https:\/\/caledenataliavilaplana.com\/wp-content\/uploads\/2024\/04\/IMG_3625-1024x683.jpg\" alt=\"\" class=\"wp-image-2090\" srcset=\"https:\/\/caledenataliavilaplana.com\/wp-content\/uploads\/2024\/04\/IMG_3625-1024x683.jpg 1024w, https:\/\/caledenataliavilaplana.com\/wp-content\/uploads\/2024\/04\/IMG_3625-300x200.jpg 300w, https:\/\/caledenataliavilaplana.com\/wp-content\/uploads\/2024\/04\/IMG_3625-768x513.jpg 768w, https:\/\/caledenataliavilaplana.com\/wp-content\/uploads\/2024\/04\/IMG_3625-1536x1025.jpg 1536w, https:\/\/caledenataliavilaplana.com\/wp-content\/uploads\/2024\/04\/IMG_3625-2048x1367.jpg 2048w, https:\/\/caledenataliavilaplana.com\/wp-content\/uploads\/2024\/04\/IMG_3625-1320x881.jpg 1320w, https:\/\/caledenataliavilaplana.com\/wp-content\/uploads\/2024\/04\/IMG_3625-600x400.jpg 600w\" sizes=\"(max-width: 1024px) 100vw, 1024px\" \/><\/figure>\n<\/div>\n\n\n\n<div class=\"wp-block-uagb-container uagb-block-1a867c13\">\n<figure class=\"wp-block-image size-large\"><img loading=\"lazy\" decoding=\"async\" width=\"1024\" height=\"683\" src=\"https:\/\/caledenataliavilaplana.com\/wp-content\/uploads\/2024\/04\/sdsf-1024x683.jpg\" alt=\"\" class=\"wp-image-2091\" srcset=\"https:\/\/caledenataliavilaplana.com\/wp-content\/uploads\/2024\/04\/sdsf-1024x683.jpg 1024w, https:\/\/caledenataliavilaplana.com\/wp-content\/uploads\/2024\/04\/sdsf-300x200.jpg 300w, https:\/\/caledenataliavilaplana.com\/wp-content\/uploads\/2024\/04\/sdsf-768x513.jpg 768w, https:\/\/caledenataliavilaplana.com\/wp-content\/uploads\/2024\/04\/sdsf-1536x1025.jpg 1536w, https:\/\/caledenataliavilaplana.com\/wp-content\/uploads\/2024\/04\/sdsf-2048x1367.jpg 2048w, https:\/\/caledenataliavilaplana.com\/wp-content\/uploads\/2024\/04\/sdsf-1320x881.jpg 1320w, https:\/\/caledenataliavilaplana.com\/wp-content\/uploads\/2024\/04\/sdsf-600x400.jpg 600w\" sizes=\"(max-width: 1024px) 100vw, 1024px\" \/><\/figure>\n<\/div>\n<\/div><\/div>\n\n\n\n<div class=\"wp-block-uagb-container uagb-block-ce6f8314 alignfull uagb-is-root-container\"><div class=\"uagb-container-inner-blocks-wrap\">\n<div class=\"wp-block-uagb-image aligncenter uagb-block-5cb09b6b wp-block-uagb-image--layout-default wp-block-uagb-image--effect-static wp-block-uagb-image--align-center\"><figure class=\"wp-block-uagb-image__figure\"><img decoding=\"async\" srcset=\"https:\/\/caledenataliavilaplana.com\/wp-content\/uploads\/2023\/09\/9ret-1-1024x683.jpg \" sizes=\"(max-width: 480px) 150px\" src=\"https:\/\/caledenataliavilaplana.com\/wp-content\/uploads\/2023\/09\/9ret-1-1024x683.jpg\" alt=\"\" class=\"uag-image-1987\" width=\"543\" height=\"336\" title=\"\" loading=\"lazy\"\/><\/figure><\/div>\n<\/div><\/div>\n\n\n\n<div class=\"wp-block-uagb-container uagb-block-4c9fe200 alignfull uagb-is-root-container\"><div class=\"uagb-container-inner-blocks-wrap\">\n<div class=\"wp-block-uagb-container uagb-block-bc8d5e93\"><\/div>\n\n\n\n<div class=\"wp-block-uagb-container uagb-block-597386eb\"><\/div>\n\n\n\n<div class=\"wp-block-uagb-container uagb-block-a0b4ed08\"><\/div>\n\n\n\n<div class=\"wp-block-uagb-container uagb-block-d010cda4\">\n<div class=\"wp-block-uagb-image alignright uagb-block-b6813199 wp-block-uagb-image--layout-default wp-block-uagb-image--effect-static wp-block-uagb-image--align-right\"><figure class=\"wp-block-uagb-image__figure\"><img decoding=\"async\" srcset=\"https:\/\/caledenataliavilaplana.com\/wp-content\/uploads\/2023\/08\/negro-1024x660.png \" sizes=\"(max-width: 480px) 150px\" src=\"https:\/\/caledenataliavilaplana.com\/wp-content\/uploads\/2023\/08\/negro-1024x660.png\" alt=\"\" class=\"uag-image-1866\" width=\"133\" height=\"85\" title=\"\" loading=\"lazy\"\/><\/figure><\/div>\n<\/div>\n<\/div><\/div>\n\n\n\n<div id=\"Pedidos\" class=\"wp-block-uagb-container uagb-block-381ae1a7 alignfull uagb-is-root-container\"><div class=\"uagb-container-inner-blocks-wrap\">\n<div class=\"wp-block-uagb-container uagb-block-f0e42289\"><\/div>\n\n\n\n<div class=\"wp-block-uagb-container uagb-block-1a0845e7\"><div class=\"wp-block-jetpack-contact-form\"><a href=\"https:\/\/caledenataliavilaplana.com\/index.php\/disenamos-para-ti\/\" target=\"_blank\" rel=\"noopener noreferrer\">Env\u00eda un formulario.<\/a><\/div><\/div>\n<\/div><\/div>\n","protected":false},"excerpt":{"rendered":"<p>DISE\u00d1OS EXCLUSIVOS PARA T\u00cd En Cal\u00e9 tambi\u00e9n nos dedicamos a la creaci\u00f3n y dise\u00f1o de pendientes personalizados y exclusivos para ti. Nos encargamos de llevar tus ideas e inspiraciones a la realidad para que puedas lucir tus pendientes perfectos en cualquier ocasi\u00f3n.Adem\u00e1s, nos enfocamos en crear dise\u00f1os que se adapten a tus gustos y personalidad, &hellip;<\/p>\n<p class=\"read-more\"> <a class=\"\" href=\"https:\/\/caledenataliavilaplana.com\/index.php\/disenamos-para-ti\/\"> <span class=\"screen-reader-text\">Dise\u00f1amos para ti<\/span> Leer m\u00e1s &raquo;<\/a><\/p>\n","protected":false},"author":1,"featured_media":0,"parent":0,"menu_order":0,"comment_status":"closed","ping_status":"closed","template":"","meta":{"_uag_custom_page_level_css":"","site-sidebar-layout":"default","site-content-layout":"","ast-site-content-layout":"default","site-content-style":"default","site-sidebar-style":"default","ast-global-header-display":"","ast-banner-title-visibility":"","ast-main-header-display":"","ast-hfb-above-header-display":"","ast-hfb-below-header-display":"","ast-hfb-mobile-header-display":"","site-post-title":"disabled","ast-breadcrumbs-content":"","ast-featured-img":"","footer-sml-layout":"","theme-transparent-header-meta":"","adv-header-id-meta":"","stick-header-meta":"","header-above-stick-meta":"","header-main-stick-meta":"","header-below-stick-meta":"","astra-migrate-meta-layouts":"set","footnotes":""},"jetpack_sharing_enabled":true,"uagb_featured_image_src":{"full":false,"thumbnail":false,"medium":false,"medium_large":false,"large":false,"1536x1536":false,"2048x2048":false,"mailpoet_newsletter_max":false,"woocommerce_thumbnail":false,"woocommerce_single":false,"woocommerce_gallery_thumbnail":false},"uagb_author_info":{"display_name":"caledenataliavilaplana.com","author_link":"https:\/\/caledenataliavilaplana.com\/index.php\/author\/caledenataliavilaplana-com\/"},"uagb_comment_info":0,"uagb_excerpt":"DISE\u00d1OS EXCLUSIVOS PARA T\u00cd En Cal\u00e9 tambi\u00e9n nos dedicamos a la creaci\u00f3n y dise\u00f1o de pendientes personalizados y exclusivos para ti. Nos encargamos de llevar tus ideas e inspiraciones a la realidad para que puedas lucir tus pendientes perfectos en cualquier ocasi\u00f3n.Adem\u00e1s, nos enfocamos en crear dise\u00f1os que se adapten a tus gustos y personalidad,&hellip;","_links":{"self":[{"href":"https:\/\/caledenataliavilaplana.com\/index.php\/wp-json\/wp\/v2\/pages\/6"}],"collection":[{"href":"https:\/\/caledenataliavilaplana.com\/index.php\/wp-json\/wp\/v2\/pages"}],"about":[{"href":"https:\/\/caledenataliavilaplana.com\/index.php\/wp-json\/wp\/v2\/types\/page"}],"author":[{"embeddable":true,"href":"https:\/\/caledenataliavilaplana.com\/index.php\/wp-json\/wp\/v2\/users\/1"}],"replies":[{"embeddable":true,"href":"https:\/\/caledenataliavilaplana.com\/index.php\/wp-json\/wp\/v2\/comments?post=6"}],"version-history":[{"count":64,"href":"https:\/\/caledenataliavilaplana.com\/index.php\/wp-json\/wp\/v2\/pages\/6\/revisions"}],"predecessor-version":[{"id":2093,"href":"https:\/\/caledenataliavilaplana.com\/index.php\/wp-json\/wp\/v2\/pages\/6\/revisions\/2093"}],"wp:attachment":[{"href":"https:\/\/caledenataliavilaplana.com\/index.php\/wp-json\/wp\/v2\/media?parent=6"}],"curies":[{"name":"wp","href":"https:\/\/api.w.org\/{rel}","templated":true}]}}