{"id":2016,"date":"2023-11-17T10:16:08","date_gmt":"2023-11-17T10:16:08","guid":{"rendered":"https:\/\/caledenataliavilaplana.com\/?page_id=2016"},"modified":"2023-11-20T11:37:49","modified_gmt":"2023-11-20T11:37:49","slug":"sostenibles","status":"publish","type":"page","link":"https:\/\/caledenataliavilaplana.com\/index.php\/sostenibles\/","title":{"rendered":"Sostenibles"},"content":{"rendered":"\n<p class=\"has-text-align-center\"><strong>\u00danete a la Revoluci\u00f3n de la Moda Sostenible<\/strong><\/p>\n\n\n\n<p class=\"has-text-align-center\">Al elegir nuestros pendientes de acetato vegetal, te unes a la revoluci\u00f3n de la moda sostenible. Descubre la armon\u00eda entre la belleza, la \u00e9tica y la ecolog\u00eda, mientras destacas tu estilo de una manera que trasciende las tendencias pasajeras. \u00a1Explora nuestra colecci\u00f3n hoy y da el paso hacia un armario m\u00e1s sostenible!<\/p>\n\n\n<div data-block-name=\"woocommerce\/handpicked-products\" data-content-visibility=\"{&quot;image&quot;:true,&quot;title&quot;:true,&quot;price&quot;:true,&quot;rating&quot;:true,&quot;button&quot;:false}\" data-products=\"[20,28,1605,1945,1924,1604]\" class=\"wc-block-grid wp-block-handpicked-products wc-block-handpicked-products has-3-columns has-multiple-rows\"><ul class=\"wc-block-grid__products\"><li class=\"wc-block-grid__product\">\n\t\t\t\t<a href=\"https:\/\/caledenataliavilaplana.com\/index.php\/product\/pendientes-luna\/\" class=\"wc-block-grid__product-link\">\n\t\t\t\t\t\n\t\t\t\t\t<div class=\"wc-block-grid__product-image\"><img loading=\"lazy\" decoding=\"async\" width=\"300\" height=\"300\" src=\"https:\/\/caledenataliavilaplana.com\/wp-content\/uploads\/2023\/09\/37retocada-1-300x300.jpg\" class=\"attachment-woocommerce_thumbnail size-woocommerce_thumbnail\" alt=\"Pendientes Luna\" srcset=\"https:\/\/caledenataliavilaplana.com\/wp-content\/uploads\/2023\/09\/37retocada-1-300x300.jpg 300w, https:\/\/caledenataliavilaplana.com\/wp-content\/uploads\/2023\/09\/37retocada-1-150x150.jpg 150w, https:\/\/caledenataliavilaplana.com\/wp-content\/uploads\/2023\/09\/37retocada-1-100x100.jpg 100w\" sizes=\"(max-width: 300px) 100vw, 300px\" \/><\/div>\n\t\t\t\t\t<div class=\"wc-block-grid__product-title\">Pendientes Luna<\/div>\n\t\t\t\t<\/a>\n\t\t\t\t<div class=\"wc-block-grid__product-price price\"><span class=\"woocommerce-Price-amount amount\">38,00&nbsp;<span class=\"woocommerce-Price-currencySymbol\">&euro;<\/span><\/span><\/div>\n\t\t\t\t\n\t\t\t\t\n\t\t\t<\/li><li class=\"wc-block-grid__product\">\n\t\t\t\t<a href=\"https:\/\/caledenataliavilaplana.com\/index.php\/product\/oreja-de-mar\/\" class=\"wc-block-grid__product-link\">\n\t\t\t\t\t\n\t\t\t\t\t<div class=\"wc-block-grid__product-image\"><img loading=\"lazy\" decoding=\"async\" width=\"300\" height=\"300\" src=\"https:\/\/caledenataliavilaplana.com\/wp-content\/uploads\/2023\/09\/33retocada-300x300.jpg\" class=\"attachment-woocommerce_thumbnail size-woocommerce_thumbnail\" alt=\"Pendientes Oreja de mar\" srcset=\"https:\/\/caledenataliavilaplana.com\/wp-content\/uploads\/2023\/09\/33retocada-300x300.jpg 300w, https:\/\/caledenataliavilaplana.com\/wp-content\/uploads\/2023\/09\/33retocada-150x150.jpg 150w, https:\/\/caledenataliavilaplana.com\/wp-content\/uploads\/2023\/09\/33retocada-100x100.jpg 100w\" sizes=\"(max-width: 300px) 100vw, 300px\" \/><\/div>\n\t\t\t\t\t<div class=\"wc-block-grid__product-title\">Pendientes Oreja de mar<\/div>\n\t\t\t\t<\/a>\n\t\t\t\t<div class=\"wc-block-grid__product-price price\"><span class=\"woocommerce-Price-amount amount\">39,00&nbsp;<span class=\"woocommerce-Price-currencySymbol\">&euro;<\/span><\/span><\/div>\n\t\t\t\t\n\t\t\t\t\n\t\t\t<\/li><li class=\"wc-block-grid__product\">\n\t\t\t\t<a href=\"https:\/\/caledenataliavilaplana.com\/index.php\/product\/pendiente-diente-de-leon\/\" class=\"wc-block-grid__product-link\">\n\t\t\t\t\t\n\t\t\t\t\t<div class=\"wc-block-grid__product-image\"><img loading=\"lazy\" decoding=\"async\" width=\"300\" height=\"300\" src=\"https:\/\/caledenataliavilaplana.com\/wp-content\/uploads\/2023\/07\/55retocad-1-300x300.jpg\" class=\"attachment-woocommerce_thumbnail size-woocommerce_thumbnail\" alt=\"Pendientes Diente de Le\u00f3n\" srcset=\"https:\/\/caledenataliavilaplana.com\/wp-content\/uploads\/2023\/07\/55retocad-1-300x300.jpg 300w, https:\/\/caledenataliavilaplana.com\/wp-content\/uploads\/2023\/07\/55retocad-1-150x150.jpg 150w, https:\/\/caledenataliavilaplana.com\/wp-content\/uploads\/2023\/07\/55retocad-1-100x100.jpg 100w, https:\/\/caledenataliavilaplana.com\/wp-content\/uploads\/2023\/07\/55retocad-1-scaled-324x324.jpg 324w\" sizes=\"(max-width: 300px) 100vw, 300px\" \/><\/div>\n\t\t\t\t\t<div class=\"wc-block-grid__product-title\">Pendientes Diente de Le\u00f3n<\/div>\n\t\t\t\t<\/a>\n\t\t\t\t<div class=\"wc-block-grid__product-price price\"><span class=\"woocommerce-Price-amount amount\">35,00&nbsp;<span class=\"woocommerce-Price-currencySymbol\">&euro;<\/span><\/span><\/div>\n\t\t\t\t\n\t\t\t\t\n\t\t\t<\/li><li class=\"wc-block-grid__product\">\n\t\t\t\t<a href=\"https:\/\/caledenataliavilaplana.com\/index.php\/product\/pendiente-tulipan\/\" class=\"wc-block-grid__product-link\">\n\t\t\t\t\t\n\t\t\t\t\t<div class=\"wc-block-grid__product-image\"><img loading=\"lazy\" decoding=\"async\" width=\"300\" height=\"300\" src=\"https:\/\/caledenataliavilaplana.com\/wp-content\/uploads\/2023\/07\/IMG_2150ret-300x300.jpg\" class=\"attachment-woocommerce_thumbnail size-woocommerce_thumbnail\" alt=\"Pendientes Amapola\" srcset=\"https:\/\/caledenataliavilaplana.com\/wp-content\/uploads\/2023\/07\/IMG_2150ret-300x300.jpg 300w, https:\/\/caledenataliavilaplana.com\/wp-content\/uploads\/2023\/07\/IMG_2150ret-150x150.jpg 150w, https:\/\/caledenataliavilaplana.com\/wp-content\/uploads\/2023\/07\/IMG_2150ret-100x100.jpg 100w, https:\/\/caledenataliavilaplana.com\/wp-content\/uploads\/2023\/07\/IMG_2150ret-scaled-324x324.jpg 324w\" sizes=\"(max-width: 300px) 100vw, 300px\" \/><\/div>\n\t\t\t\t\t<div class=\"wc-block-grid__product-title\">Pendientes Amapola<\/div>\n\t\t\t\t<\/a>\n\t\t\t\t<div class=\"wc-block-grid__product-price price\"><span class=\"woocommerce-Price-amount amount\">56,00&nbsp;<span class=\"woocommerce-Price-currencySymbol\">&euro;<\/span><\/span><\/div>\n\t\t\t\t\n\t\t\t\t\n\t\t\t<\/li><li class=\"wc-block-grid__product\">\n\t\t\t\t<a href=\"https:\/\/caledenataliavilaplana.com\/index.php\/product\/cadena\/\" class=\"wc-block-grid__product-link\">\n\t\t\t\t\t\n\t\t\t\t\t<div class=\"wc-block-grid__product-image\"><img loading=\"lazy\" decoding=\"async\" width=\"300\" height=\"300\" src=\"https:\/\/caledenataliavilaplana.com\/wp-content\/uploads\/2023\/07\/60retocada-scaled-e1689892552893-300x300.jpg\" class=\"attachment-woocommerce_thumbnail size-woocommerce_thumbnail\" alt=\"Pendientes Cadena\" srcset=\"https:\/\/caledenataliavilaplana.com\/wp-content\/uploads\/2023\/07\/60retocada-scaled-e1689892552893-300x300.jpg 300w, https:\/\/caledenataliavilaplana.com\/wp-content\/uploads\/2023\/07\/60retocada-scaled-e1689892552893-100x100.jpg 100w, https:\/\/caledenataliavilaplana.com\/wp-content\/uploads\/2023\/07\/60retocada-scaled-e1689892552893-150x150.jpg 150w, https:\/\/caledenataliavilaplana.com\/wp-content\/uploads\/2023\/07\/60retocada-scaled-e1689892552893-324x324.jpg 324w\" sizes=\"(max-width: 300px) 100vw, 300px\" \/><\/div>\n\t\t\t\t\t<div class=\"wc-block-grid__product-title\">Pendientes Cadena<\/div>\n\t\t\t\t<\/a>\n\t\t\t\t<div class=\"wc-block-grid__product-price price\"><span class=\"woocommerce-Price-amount amount\">37,00&nbsp;<span class=\"woocommerce-Price-currencySymbol\">&euro;<\/span><\/span><\/div>\n\t\t\t\t\n\t\t\t\t\n\t\t\t<\/li><li class=\"wc-block-grid__product\">\n\t\t\t\t<a href=\"https:\/\/caledenataliavilaplana.com\/index.php\/product\/azahar\/\" class=\"wc-block-grid__product-link\">\n\t\t\t\t\t\n\t\t\t\t\t<div class=\"wc-block-grid__product-image\"><img loading=\"lazy\" decoding=\"async\" width=\"300\" height=\"300\" src=\"https:\/\/caledenataliavilaplana.com\/wp-content\/uploads\/2023\/07\/51retocado-scaled-300x300.jpg\" class=\"attachment-woocommerce_thumbnail size-woocommerce_thumbnail\" alt=\"Pendientes Azahar\" srcset=\"https:\/\/caledenataliavilaplana.com\/wp-content\/uploads\/2023\/07\/51retocado-scaled-300x300.jpg 300w, https:\/\/caledenataliavilaplana.com\/wp-content\/uploads\/2023\/07\/51retocado-scaled-100x100.jpg 100w, https:\/\/caledenataliavilaplana.com\/wp-content\/uploads\/2023\/07\/51retocado-150x150.jpg 150w, https:\/\/caledenataliavilaplana.com\/wp-content\/uploads\/2023\/07\/51retocado-scaled-324x324.jpg 324w\" sizes=\"(max-width: 300px) 100vw, 300px\" \/><\/div>\n\t\t\t\t\t<div class=\"wc-block-grid__product-title\">Pendientes Azahar<\/div>\n\t\t\t\t<\/a>\n\t\t\t\t<div class=\"wc-block-grid__product-price price\"><span class=\"woocommerce-Price-amount amount\">39,00&nbsp;<span class=\"woocommerce-Price-currencySymbol\">&euro;<\/span><\/span><\/div>\n\t\t\t\t\n\t\t\t\t\n\t\t\t<\/li><\/ul><\/div>\n\n\n<p class=\"has-text-align-center\"><strong>\u00bfPor qu\u00e9 elegir pendientes de acetato vegetal?<\/strong><\/p>\n\n\n\n<p class=\"has-text-align-center\"><strong>Sostenibilidad en cada detalle<\/strong>: Nuestros pendientes est\u00e1n elaborados a partir de acetato vegetal, una materia prima proveniente de fuentes renovables como la pulpa de madera. Esta elecci\u00f3n consciente reduce nuestra dependencia de pl\u00e1sticos derivados del petr\u00f3leo, contribuyendo as\u00ed a la preservaci\u00f3n de nuestro preciado entorno.<\/p>\n\n\n\n<p class=\"has-text-align-center\"><strong>Compromiso \u00e9tico<\/strong>: Nos esforzamos por mantener est\u00e1ndares \u00e9ticos en todas las etapas de producci\u00f3n. Al ser pendientes artesanales, confeccionados por nosotros, seguimos pr\u00e1cticas responsables, desde la elecci\u00f3n de materiales hasta la confecci\u00f3n final, asegurando que cada par de pendientes cuente una historia de sostenibilidad y respeto del medio ambiente.<\/p>\n","protected":false},"excerpt":{"rendered":"<p>\u00danete a la Revoluci\u00f3n de la Moda Sostenible Al elegir nuestros pendientes de acetato vegetal, te unes a la revoluci\u00f3n de la moda sostenible. Descubre la armon\u00eda entre la belleza, la \u00e9tica y la ecolog\u00eda, mientras destacas tu estilo de una manera que trasciende las tendencias pasajeras. \u00a1Explora nuestra colecci\u00f3n hoy y da el paso &hellip;<\/p>\n<p class=\"read-more\"> <a class=\"\" href=\"https:\/\/caledenataliavilaplana.com\/index.php\/sostenibles\/\"> <span class=\"screen-reader-text\">Sostenibles<\/span> Leer m\u00e1s &raquo;<\/a><\/p>\n","protected":false},"author":1,"featured_media":0,"parent":0,"menu_order":0,"comment_status":"closed","ping_status":"closed","template":"","meta":{"_uag_custom_page_level_css":"","site-sidebar-layout":"default","site-content-layout":"","ast-site-content-layout":"default","site-content-style":"default","site-sidebar-style":"default","ast-global-header-display":"","ast-banner-title-visibility":"","ast-main-header-display":"","ast-hfb-above-header-display":"","ast-hfb-below-header-display":"","ast-hfb-mobile-header-display":"","site-post-title":"","ast-breadcrumbs-content":"","ast-featured-img":"","footer-sml-layout":"","theme-transparent-header-meta":"","adv-header-id-meta":"","stick-header-meta":"","header-above-stick-meta":"","header-main-stick-meta":"","header-below-stick-meta":"","astra-migrate-meta-layouts":"set","footnotes":""},"jetpack_sharing_enabled":true,"uagb_featured_image_src":{"full":false,"thumbnail":false,"medium":false,"medium_large":false,"large":false,"1536x1536":false,"2048x2048":false,"mailpoet_newsletter_max":false,"woocommerce_thumbnail":false,"woocommerce_single":false,"woocommerce_gallery_thumbnail":false},"uagb_author_info":{"display_name":"caledenataliavilaplana.com","author_link":"https:\/\/caledenataliavilaplana.com\/index.php\/author\/caledenataliavilaplana-com\/"},"uagb_comment_info":0,"uagb_excerpt":"\u00danete a la Revoluci\u00f3n de la Moda Sostenible Al elegir nuestros pendientes de acetato vegetal, te unes a la revoluci\u00f3n de la moda sostenible. Descubre la armon\u00eda entre la belleza, la \u00e9tica y la ecolog\u00eda, mientras destacas tu estilo de una manera que trasciende las tendencias pasajeras. \u00a1Explora nuestra colecci\u00f3n hoy y da el paso&hellip;","_links":{"self":[{"href":"https:\/\/caledenataliavilaplana.com\/index.php\/wp-json\/wp\/v2\/pages\/2016"}],"collection":[{"href":"https:\/\/caledenataliavilaplana.com\/index.php\/wp-json\/wp\/v2\/pages"}],"about":[{"href":"https:\/\/caledenataliavilaplana.com\/index.php\/wp-json\/wp\/v2\/types\/page"}],"author":[{"embeddable":true,"href":"https:\/\/caledenataliavilaplana.com\/index.php\/wp-json\/wp\/v2\/users\/1"}],"replies":[{"embeddable":true,"href":"https:\/\/caledenataliavilaplana.com\/index.php\/wp-json\/wp\/v2\/comments?post=2016"}],"version-history":[{"count":8,"href":"https:\/\/caledenataliavilaplana.com\/index.php\/wp-json\/wp\/v2\/pages\/2016\/revisions"}],"predecessor-version":[{"id":2036,"href":"https:\/\/caledenataliavilaplana.com\/index.php\/wp-json\/wp\/v2\/pages\/2016\/revisions\/2036"}],"wp:attachment":[{"href":"https:\/\/caledenataliavilaplana.com\/index.php\/wp-json\/wp\/v2\/media?parent=2016"}],"curies":[{"name":"wp","href":"https:\/\/api.w.org\/{rel}","templated":true}]}}