{"id":1592,"date":"2023-07-20T17:45:26","date_gmt":"2023-07-20T17:45:26","guid":{"rendered":"https:\/\/caledenataliavilaplana.com\/?page_id=1592"},"modified":"2023-08-03T17:23:09","modified_gmt":"2023-08-03T17:23:09","slug":"conocenos","status":"publish","type":"page","link":"https:\/\/caledenataliavilaplana.com\/index.php\/conocenos\/","title":{"rendered":"Con\u00f3cenos"},"content":{"rendered":"\n<div class=\"wp-block-uagb-advanced-heading uagb-block-afd8350a\"><h4 class=\"uagb-heading-text\">CAL\u00c9 DE NATALIA VILAPLANA<\/h4><\/div>\n\n\n\n<p class=\"has-text-align-center\"><\/p>\n\n\n\n<div class=\"wp-block-uagb-container uagb-block-c6ed607b alignfull uagb-is-root-container\"><div class=\"uagb-container-inner-blocks-wrap\">\n<div class=\"wp-block-uagb-container uagb-block-c78f1e13\">\n<p class=\"has-text-align-left\" style=\"font-size:14px\">\u00a1Bienvenidos a Cale de Natalia Vilaplana!<br>Somos una marca de joyer\u00eda artesanal especializada en la creaci\u00f3n de pendientes \u00fanicos y personalizados. Cada uno de nuestros dise\u00f1os est\u00e1 hecho a mano por la dise\u00f1adora y creadora Natalia Vilaplana, quien se inspira en la belleza de la naturaleza y la arquitectura para crear piezas que reflejan su creatividad y pasi\u00f3n por la joyer\u00eda.<br>En nuestra p\u00e1gina web, podr\u00e1s encontrar una amplia variedad de pendientes. Cada uno de nuestros pendientes es elaborado con sumo cuidado y atenci\u00f3n al detalle, asegurando que cada pieza sea \u00fanica y de alta calidad.<\/p>\n<\/div>\n\n\n\n<div class=\"wp-block-uagb-container uagb-block-0fa0e441\">\n<div class=\"wp-block-uagb-image uagb-block-e7af7896 wp-block-uagb-image--layout-default wp-block-uagb-image--effect-static wp-block-uagb-image--align-none\"><figure class=\"wp-block-uagb-image__figure\"><img decoding=\"async\" srcset=\"https:\/\/caledenataliavilaplana.com\/wp-content\/uploads\/2023\/07\/B29B2B48-69B7-4FAE-B8E8-18F38B8B7C6E-819x1024.jpg \" sizes=\"(max-width: 480px) 150px\" src=\"https:\/\/caledenataliavilaplana.com\/wp-content\/uploads\/2023\/07\/B29B2B48-69B7-4FAE-B8E8-18F38B8B7C6E-819x1024.jpg\" alt=\"\" class=\"uag-image-1458\" width=\"819\" height=\"1024\" title=\"\" loading=\"lazy\"\/><\/figure><\/div>\n<\/div>\n<\/div><\/div>\n\n\n\n<div class=\"wp-block-uagb-container uagb-block-4a3041a0 alignfull uagb-is-root-container\"><div class=\"uagb-container-inner-blocks-wrap\">\n<div class=\"wp-block-uagb-container uagb-block-09ce4c84\">\n<div class=\"wp-block-uagb-image uagb-block-405376a2 wp-block-uagb-image--layout-default wp-block-uagb-image--effect-static wp-block-uagb-image--align-none\"><figure class=\"wp-block-uagb-image__figure\"><img decoding=\"async\" srcset=\"https:\/\/caledenataliavilaplana.com\/wp-content\/uploads\/2023\/07\/02C7E71B-208D-4269-A5CF-0FD259192DFD-1024x683.jpeg \" sizes=\"(max-width: 480px) 150px\" src=\"https:\/\/caledenataliavilaplana.com\/wp-content\/uploads\/2023\/07\/02C7E71B-208D-4269-A5CF-0FD259192DFD-1024x683.jpeg\" alt=\"\" class=\"uag-image-1467\" width=\"1024\" height=\"683\" title=\"\" loading=\"lazy\"\/><\/figure><\/div>\n<\/div>\n\n\n\n<div class=\"wp-block-uagb-container uagb-block-64ae04c4\">\n<p class=\"has-text-align-left\" style=\"font-size:14px\">Adem\u00e1s, ofrecemos la opci\u00f3n de personalizar tus propios pendientes, creando una pieza \u00fanica y especial que refleje tu estilo personal. Tambi\u00e9n puedes explorar nuestras colecciones tem\u00e1ticas, que incluyen dise\u00f1os inspirados en la naturaleza, la geometr\u00eda y la cultura.<\/p>\n<\/div>\n<\/div><\/div>\n\n\n\n<div class=\"wp-block-uagb-container uagb-block-3a1c2264 alignfull uagb-is-root-container\"><div class=\"uagb-container-inner-blocks-wrap\">\n<div class=\"wp-block-uagb-container uagb-block-fbc8ffea\">\n<p class=\"has-text-align-left\" style=\"margin-top:0;margin-right:0;margin-bottom:0;margin-left:0;font-size:14px\">En Cale de Natalia Vilaplana, estamos comprometidos con la sostenibilidad y la producci\u00f3n \u00e9tica. Todos nuestros materiales son cuidadosamente seleccionados de proveedores de confianza y trabajamos con t\u00e9cnicas artesanales que minimizan el impacto en el medio ambiente.<br><\/p>\n<\/div>\n\n\n\n<div class=\"wp-block-uagb-container uagb-block-812238a2\">\n<div class=\"wp-block-uagb-image alignright uagb-block-51418413 wp-block-uagb-image--layout-default wp-block-uagb-image--effect-static wp-block-uagb-image--align-right\"><figure class=\"wp-block-uagb-image__figure\"><img decoding=\"async\" srcset=\"https:\/\/caledenataliavilaplana.com\/wp-content\/uploads\/2023\/07\/retocada-todos-juntos-1-1024x683.jpg \" sizes=\"(max-width: 480px) 150px\" src=\"https:\/\/caledenataliavilaplana.com\/wp-content\/uploads\/2023\/07\/retocada-todos-juntos-1-1024x683.jpg\" alt=\"\" class=\"uag-image-1457\" width=\"672\" height=\"303\" title=\"\" loading=\"lazy\"\/><\/figure><\/div>\n<\/div>\n<\/div><\/div>\n\n\n\n<div class=\"wp-block-uagb-container uagb-block-b5fefa04 alignfull uagb-is-root-container\"><div class=\"uagb-container-inner-blocks-wrap\">\n<p style=\"font-size:14px\">Gracias por visitar nuestra p\u00e1gina web y esperamos que encuentres la pieza perfecta para ti o para regalar a alguien especial. Si tienes alguna pregunta o necesitas ayuda para elegir tus pendientes, no dudes en ponerte en contacto con nosotros.<\/p>\n<\/div><\/div>\n\n\n\n<div class=\"wp-block-uagb-container uagb-block-4619585c alignfull uagb-is-root-container\"><div class=\"uagb-container-inner-blocks-wrap\">\n<p class=\"has-text-align-center\" style=\"font-size:16px\">\u00a1Estamos aqu\u00ed para ayudarte!<\/p>\n<\/div><\/div>\n","protected":false},"excerpt":{"rendered":"<p>CAL\u00c9 DE NATALIA VILAPLANA \u00a1Bienvenidos a Cale de Natalia Vilaplana!Somos una marca de joyer\u00eda artesanal especializada en la creaci\u00f3n de pendientes \u00fanicos y personalizados. Cada uno de nuestros dise\u00f1os est\u00e1 hecho a mano por la dise\u00f1adora y creadora Natalia Vilaplana, quien se inspira en la belleza de la naturaleza y la arquitectura para crear piezas &hellip;<\/p>\n<p class=\"read-more\"> <a class=\"\" href=\"https:\/\/caledenataliavilaplana.com\/index.php\/conocenos\/\"> <span class=\"screen-reader-text\">Con\u00f3cenos<\/span> Leer m\u00e1s &raquo;<\/a><\/p>\n","protected":false},"author":1,"featured_media":0,"parent":0,"menu_order":0,"comment_status":"closed","ping_status":"closed","template":"","meta":{"_uag_custom_page_level_css":"","site-sidebar-layout":"default","site-content-layout":"","ast-site-content-layout":"","site-content-style":"default","site-sidebar-style":"default","ast-global-header-display":"","ast-banner-title-visibility":"","ast-main-header-display":"","ast-hfb-above-header-display":"","ast-hfb-below-header-display":"","ast-hfb-mobile-header-display":"","site-post-title":"disabled","ast-breadcrumbs-content":"","ast-featured-img":"","footer-sml-layout":"","theme-transparent-header-meta":"","adv-header-id-meta":"","stick-header-meta":"","header-above-stick-meta":"","header-main-stick-meta":"","header-below-stick-meta":"","astra-migrate-meta-layouts":"","footnotes":""},"jetpack_sharing_enabled":true,"uagb_featured_image_src":{"full":false,"thumbnail":false,"medium":false,"medium_large":false,"large":false,"1536x1536":false,"2048x2048":false,"mailpoet_newsletter_max":false,"woocommerce_thumbnail":false,"woocommerce_single":false,"woocommerce_gallery_thumbnail":false},"uagb_author_info":{"display_name":"caledenataliavilaplana.com","author_link":"https:\/\/caledenataliavilaplana.com\/index.php\/author\/caledenataliavilaplana-com\/"},"uagb_comment_info":0,"uagb_excerpt":"CAL\u00c9 DE NATALIA VILAPLANA \u00a1Bienvenidos a Cale de Natalia Vilaplana!Somos una marca de joyer\u00eda artesanal especializada en la creaci\u00f3n de pendientes \u00fanicos y personalizados. Cada uno de nuestros dise\u00f1os est\u00e1 hecho a mano por la dise\u00f1adora y creadora Natalia Vilaplana, quien se inspira en la belleza de la naturaleza y la arquitectura para crear piezas&hellip;","_links":{"self":[{"href":"https:\/\/caledenataliavilaplana.com\/index.php\/wp-json\/wp\/v2\/pages\/1592"}],"collection":[{"href":"https:\/\/caledenataliavilaplana.com\/index.php\/wp-json\/wp\/v2\/pages"}],"about":[{"href":"https:\/\/caledenataliavilaplana.com\/index.php\/wp-json\/wp\/v2\/types\/page"}],"author":[{"embeddable":true,"href":"https:\/\/caledenataliavilaplana.com\/index.php\/wp-json\/wp\/v2\/users\/1"}],"replies":[{"embeddable":true,"href":"https:\/\/caledenataliavilaplana.com\/index.php\/wp-json\/wp\/v2\/comments?post=1592"}],"version-history":[{"count":14,"href":"https:\/\/caledenataliavilaplana.com\/index.php\/wp-json\/wp\/v2\/pages\/1592\/revisions"}],"predecessor-version":[{"id":1789,"href":"https:\/\/caledenataliavilaplana.com\/index.php\/wp-json\/wp\/v2\/pages\/1592\/revisions\/1789"}],"wp:attachment":[{"href":"https:\/\/caledenataliavilaplana.com\/index.php\/wp-json\/wp\/v2\/media?parent=1592"}],"curies":[{"name":"wp","href":"https:\/\/api.w.org\/{rel}","templated":true}]}}